{"id":3383,"date":"2022-01-24T20:23:58","date_gmt":"2022-01-24T19:23:58","guid":{"rendered":"https:\/\/meinebleibe.it\/cultura-piacere\/"},"modified":"2022-04-03T15:42:52","modified_gmt":"2022-04-03T13:42:52","slug":"cultura-piacere","status":"publish","type":"page","link":"https:\/\/meinebleibe.it\/it\/appiano-e-dintorni\/cultura-piacere\/","title":{"rendered":"Cultura &amp; Piacere"},"content":{"rendered":"\n<figure class=\"wp-block-image alignfull size-large\"><img loading=\"lazy\" decoding=\"async\" width=\"1024\" height=\"371\" src=\"https:\/\/meinebleibe.it\/wp-content\/uploads\/Kultur-und-Genussferien-Eppan-Suedtirol-Genussurlaub-1024x371.webp\" alt=\"Cultura e Piacere ad Appiano, Vacanza in Alto Adige\" class=\"wp-image-3135\" srcset=\"https:\/\/meinebleibe.it\/wp-content\/uploads\/Kultur-und-Genussferien-Eppan-Suedtirol-Genussurlaub-1024x371.webp 1024w, https:\/\/meinebleibe.it\/wp-content\/uploads\/Kultur-und-Genussferien-Eppan-Suedtirol-Genussurlaub-300x109.webp 300w, https:\/\/meinebleibe.it\/wp-content\/uploads\/Kultur-und-Genussferien-Eppan-Suedtirol-Genussurlaub-150x54.webp 150w, https:\/\/meinebleibe.it\/wp-content\/uploads\/Kultur-und-Genussferien-Eppan-Suedtirol-Genussurlaub-768x278.webp 768w, https:\/\/meinebleibe.it\/wp-content\/uploads\/Kultur-und-Genussferien-Eppan-Suedtirol-Genussurlaub.webp 1340w\" sizes=\"auto, (max-width: 1024px) 100vw, 1024px\" \/><\/figure>\n\n<div class=\"wp-block-stackable-heading stk-block-heading stk--hide-mobile stk-block stk-43d426d\" data-block-id=\"43d426d\"><style>.stk-43d426d{margin-top:90px !important;margin-bottom:60px !important}<\/style><h2 class=\"stk-block-heading__text has-text-align-center\">Vivere la cultura altoatesina<\/h2><\/div>\n\n<div class=\"wp-block-stackable-columns stk-block-columns stk-block stk-b8c9afd\" data-block-id=\"b8c9afd\"><style>.stk-b8c9afd{margin-bottom:30px !important}<\/style><div class=\"stk-row stk-inner-blocks stk-block-content stk-content-align stk-b8c9afd-column\">\n<div class=\"wp-block-stackable-column stk-block-column stk-column stk-block stk-727cb6b\" data-block-id=\"727cb6b\"><style>.stk-727cb6b .stk-block-column__content{padding-top:30px !important;padding-right:30px !important;padding-bottom:30px !important;padding-left:30px !important}@media screen and (max-width:689px){.stk-727cb6b .stk-block-column__content{padding-top:30px !important;padding-right:10px !important;padding-bottom:20px !important;padding-left:10px !important}}<\/style><div class=\"stk-column-wrapper stk-block-column__content stk-container stk-727cb6b-container stk--no-background stk--no-padding\"><div class=\"stk-block-content stk-inner-blocks\">\n<div class=\"wp-block-stackable-text stk-block-text stk-block stk-c7bacc2\" data-block-id=\"c7bacc2\"><p class=\"stk-block-text__text\"><strong>Appiano sulla Strada del Vino<\/strong> \u00e8 circondata da prati e vigneti ed \u00e8 un piccolo paradiso per <strong>gli amanti del piacere e della cultura.<\/strong> <br\/><br\/>In estate il paese vitivinicolo San Paolo di Appiano ospita le popolari <strong>\u201cSettimane Enoculturali\u201d.<\/strong> Per dieci giorni il vino \u00e8 al centro dell&#8217;attenzione e gli appassionati si trovano per degustare vini pregiati e specialit\u00e0 regionali. <br\/><br\/>Ad agosto si terr\u00e0 la festa delle cantine a Cornaiano. In questa occasione i viticoltori aprono le loro profonde cantine storiche e vi invitano a gustare il vino con tutti i sensi. Oltre agli squisiti vini altoatesini, potrete gustare anche numerose specialit\u00e0 regionali.<\/p><\/div>\n<\/div><\/div><\/div>\n\n\n\n<div class=\"wp-block-stackable-column stk-block-column stk-column stk-block stk-dc904b2\" data-block-id=\"dc904b2\"><div class=\"stk-column-wrapper stk-block-column__content stk-container stk-dc904b2-container stk--no-background stk--no-padding\"><div class=\"stk-block-content stk-inner-blocks\">\n<figure class=\"wp-block-image size-large\"><img loading=\"lazy\" decoding=\"async\" width=\"1024\" height=\"764\" src=\"https:\/\/meinebleibe.it\/wp-content\/uploads\/Wein-erleben-Suedtirol-Weinberge-Eppan-Genussurlaub-1024x764.webp\" alt=\"Vivere il vino in Alto Adige, Appiano, Vacanza di piacere\" class=\"wp-image-3141\" srcset=\"https:\/\/meinebleibe.it\/wp-content\/uploads\/Wein-erleben-Suedtirol-Weinberge-Eppan-Genussurlaub-1024x764.webp 1024w, https:\/\/meinebleibe.it\/wp-content\/uploads\/Wein-erleben-Suedtirol-Weinberge-Eppan-Genussurlaub-300x224.webp 300w, https:\/\/meinebleibe.it\/wp-content\/uploads\/Wein-erleben-Suedtirol-Weinberge-Eppan-Genussurlaub-150x112.webp 150w, https:\/\/meinebleibe.it\/wp-content\/uploads\/Wein-erleben-Suedtirol-Weinberge-Eppan-Genussurlaub-768x573.webp 768w, https:\/\/meinebleibe.it\/wp-content\/uploads\/Wein-erleben-Suedtirol-Weinberge-Eppan-Genussurlaub.webp 1340w\" sizes=\"auto, (max-width: 1024px) 100vw, 1024px\" \/><\/figure>\n<\/div><\/div><\/div>\n<\/div><\/div>\n\n<div class=\"wp-block-stackable-columns stk-block-columns stk--hide-mobile stk-block stk-6c5ab5d\" data-block-id=\"6c5ab5d\"><style>.stk-6c5ab5d{margin-bottom:23px !important}<\/style><div class=\"stk-row stk-inner-blocks stk-block-content stk-content-align stk-6c5ab5d-column\">\n<div class=\"wp-block-stackable-column stk-block-column stk-column stk-block stk-1cd8e5b\" data-block-id=\"1cd8e5b\"><div class=\"stk-column-wrapper stk-block-column__content stk-container stk-1cd8e5b-container stk--no-background stk--no-padding\"><div class=\"stk-block-content stk-inner-blocks\">\n<figure class=\"wp-block-image size-large\"><img loading=\"lazy\" decoding=\"async\" width=\"1024\" height=\"764\" src=\"https:\/\/meinebleibe.it\/wp-content\/uploads\/Ferienwohnung-Eppan-Kultur-Unterkunft-Oetzimuseum-Suedtirol-1024x764.webp\" alt=\"Appartamento Appiano cultura alloggi &#xD6;tzimuseum Alto Adige\" class=\"wp-image-3168\" srcset=\"https:\/\/meinebleibe.it\/wp-content\/uploads\/Ferienwohnung-Eppan-Kultur-Unterkunft-Oetzimuseum-Suedtirol-1024x764.webp 1024w, https:\/\/meinebleibe.it\/wp-content\/uploads\/Ferienwohnung-Eppan-Kultur-Unterkunft-Oetzimuseum-Suedtirol-300x224.webp 300w, https:\/\/meinebleibe.it\/wp-content\/uploads\/Ferienwohnung-Eppan-Kultur-Unterkunft-Oetzimuseum-Suedtirol-150x112.webp 150w, https:\/\/meinebleibe.it\/wp-content\/uploads\/Ferienwohnung-Eppan-Kultur-Unterkunft-Oetzimuseum-Suedtirol-768x573.webp 768w, https:\/\/meinebleibe.it\/wp-content\/uploads\/Ferienwohnung-Eppan-Kultur-Unterkunft-Oetzimuseum-Suedtirol.webp 1340w\" sizes=\"auto, (max-width: 1024px) 100vw, 1024px\" \/><\/figure>\n<\/div><\/div><\/div>\n\n\n\n<div class=\"wp-block-stackable-column stk-block-column stk-column stk-block stk-8e33863\" data-block-id=\"8e33863\"><style>.stk-8e33863 .stk-block-column__content{padding-top:30px !important;padding-right:30px !important;padding-bottom:30px !important;padding-left:30px !important}<\/style><div class=\"stk-column-wrapper stk-block-column__content stk-container stk-8e33863-container stk--no-background stk--no-padding\"><div class=\"stk-block-content stk-inner-blocks\">\n<div class=\"wp-block-stackable-heading stk-block-heading stk-block stk-f048f0a\" data-block-id=\"f048f0a\"><h3 class=\"stk-block-heading__text\">Highlight culturali<\/h3><\/div>\n\n\n\n<div class=\"wp-block-stackable-text stk-block-text stk-block stk-ab91c01\" data-block-id=\"ab91c01\"><p class=\"stk-block-text__text\">Appiano conquista anche con le sue proposte culturali. Tra le regioni con il <strong>maggior numero di castelli di tutto l&#8217;arco alpino, <\/strong>conta numerose residenze storiche, manieri e castelli. Inoltre, Appiano vanta anche splendide chiese e cappelle nonch\u00e9 mostre interessanti. Chi \u00e8 interessato alla cultura e alla storia pu\u00f2 intraprendere un <strong>viaggio nel passato.<\/strong> <br\/><br\/><strong>Castel Firmiano, uno dei pi\u00f9 antichi castelli<\/strong> dell&#8217;Alto Adige, non \u00e8 lontano dai nostri appartamenti. Nel 2006 il noto alpinista estremo Reinhold Messner ha inaugurato a Castel Firmiano il <strong><a href=\"http:\/\/www.messner-mountain-museum.it\" rel=\"noopener\">Messner Mountain Museum.<\/a><\/strong> <br\/><br\/>Se trascorrete le vostre <strong>vacanze in Alto Adige<\/strong>, dovete assolutamente recarvi a Bolzano, per dare un&#8217;occhiata alla mummia \u00d6tzi. \u00d6tzi, l&#8217;uomo venuto dal ghiaccio, ha gi\u00e0 oltre 5.000 anni ed \u00e8 pertanto <strong>la pi\u00f9 antica mummia ritrovata nei ghiacci. <\/strong>Inoltre il Museo Archeologico documenta l&#8217;intera storia della provincia dal Paleolitico all&#8217;Epoca carolingia. <\/p><\/div>\n<\/div><\/div><\/div>\n<\/div><\/div>\n\n<div class=\"wp-block-stackable-columns stk-block-columns stk--hide-desktop stk--hide-tablet stk-block stk-c74a03d\" data-block-id=\"c74a03d\"><div class=\"stk-row stk-inner-blocks stk-block-content stk-content-align stk-c74a03d-column\">\n<div class=\"wp-block-stackable-column stk-block-column stk-column stk-block stk-e7b97e1\" data-block-id=\"e7b97e1\"><div class=\"stk-column-wrapper stk-block-column__content stk-container stk-e7b97e1-container stk--no-background stk--no-padding\"><div class=\"stk-block-content stk-inner-blocks\">\n<div class=\"wp-block-stackable-heading stk-block-heading stk-block stk-fbca858\" data-block-id=\"fbca858\"><h3 class=\"stk-block-heading__text\">Highlight culturali<\/h3><\/div>\n\n\n\n<div class=\"wp-block-stackable-text stk-block-text stk-block stk-6312203\" data-block-id=\"6312203\"><p class=\"stk-block-text__text\">Appiano conquista anche con le sue proposte culturali. Tra le regioni con il <strong>maggior numero di castelli di tutto l&#8217;arco alpino, <\/strong>conta numerose residenze storiche, manieri e castelli. Inoltre, Appiano vanta anche splendide chiese e cappelle nonch\u00e9 mostre interessanti. Chi \u00e8 interessato alla cultura e alla storia pu\u00f2 intraprendere <strong>un viaggio nel passato.<\/strong> <br\/><br\/><strong>Castel Firmiano<\/strong>, uno dei pi\u00f9 antichi castelli dell&#8217;Alto Adige, non \u00e8 lontano dai nostri appartamenti. Nel 2006 il noto alpinista estremo Reinhold Messner ha inaugurato a Castel Firmiano il <strong><a href=\"http:\/\/www.messner-mountain-museum.it\" rel=\"noopener\">Messner Mountain Museum.<\/a><\/strong> <br\/><br\/>Se trascorrete le vostre vacanze in Alto Adige, dovete assolutamente recarvi a Bolzano, per dare un&#8217;occhiata alla <strong><a href=\"https:\/\/de.wikipedia.org\/wiki\/%C3%96tzi\" rel=\"noopener\">mummia \u00d6tzi.<\/a><\/strong> \u00d6tzi, l&#8217;uomo venuto dal ghiaccio, ha gi\u00e0 oltre 5.000 anni ed \u00e8 pertanto <strong>la pi\u00f9 antica mummia ritrovata nei ghiacci<\/strong>. Inoltre il Museo Archeologico documenta l&#8217;intera storia della provincia dal Paleolitico all&#8217;Epoca carolingia. <\/p><\/div>\n<\/div><\/div><\/div>\n\n\n\n<div class=\"wp-block-stackable-column stk-block-column stk-column stk-block stk-84caa6d\" data-block-id=\"84caa6d\"><div class=\"stk-column-wrapper stk-block-column__content stk-container stk-84caa6d-container stk--no-background stk--no-padding\"><div class=\"stk-block-content stk-inner-blocks\">\n<figure class=\"wp-block-image size-large\"><img loading=\"lazy\" decoding=\"async\" width=\"1024\" height=\"764\" src=\"https:\/\/meinebleibe.it\/wp-content\/uploads\/Ferienwohnung-Eppan-Kultur-Unterkunft-Oetzimuseum-Suedtirol-1024x764.webp\" alt=\"Appartamento Appiano cultura alloggi &#xD6;tzimuseum Alto Adige\" class=\"wp-image-3168\" srcset=\"https:\/\/meinebleibe.it\/wp-content\/uploads\/Ferienwohnung-Eppan-Kultur-Unterkunft-Oetzimuseum-Suedtirol-1024x764.webp 1024w, https:\/\/meinebleibe.it\/wp-content\/uploads\/Ferienwohnung-Eppan-Kultur-Unterkunft-Oetzimuseum-Suedtirol-300x224.webp 300w, https:\/\/meinebleibe.it\/wp-content\/uploads\/Ferienwohnung-Eppan-Kultur-Unterkunft-Oetzimuseum-Suedtirol-150x112.webp 150w, https:\/\/meinebleibe.it\/wp-content\/uploads\/Ferienwohnung-Eppan-Kultur-Unterkunft-Oetzimuseum-Suedtirol-768x573.webp 768w, https:\/\/meinebleibe.it\/wp-content\/uploads\/Ferienwohnung-Eppan-Kultur-Unterkunft-Oetzimuseum-Suedtirol.webp 1340w\" sizes=\"auto, (max-width: 1024px) 100vw, 1024px\" \/><\/figure>\n<\/div><\/div><\/div>\n<\/div><\/div>\n\n<div class=\"wp-block-stackable-spacer stk-block-spacer stk--no-padding stk-block stk-dc926d4\" data-block-id=\"dc926d4\"><\/div>\n","protected":false},"excerpt":{"rendered":"<p>Vivere la cultura altoatesina Appiano sulla Strada del Vino \u00e8 circondata da prati e vigneti ed \u00e8 un piccolo paradiso per gli amanti del piacere e della cultura. In estate il paese vitivinicolo San Paolo di Appiano ospita le popolari \u201cSettimane Enoculturali\u201d. Per dieci giorni il vino \u00e8 al centro dell&#8217;attenzione e gli appassionati si [&hellip;]<\/p>\n","protected":false},"author":1,"featured_media":0,"parent":3413,"menu_order":0,"comment_status":"closed","ping_status":"closed","template":"","meta":{"footnotes":""},"class_list":["post-3383","page","type-page","status-publish","hentry"],"blocksy_meta":{"styles_descriptor":{"styles":{"desktop":"","tablet":"","mobile":""},"google_fonts":[],"version":6}},"featured_image_urls_v2":{"full":"","thumbnail":"","medium":"","medium_large":"","large":"","1536x1536":"","2048x2048":""},"post_excerpt_stackable_v2":"<p>Vivere la cultura altoatesina Appiano sulla Strada del Vino \u00e8 circondata da prati e vigneti ed \u00e8 un piccolo paradiso per gli amanti del piacere e della cultura. In estate il paese vitivinicolo San Paolo di Appiano ospita le popolari \u201cSettimane Enoculturali\u201d. Per dieci giorni il vino \u00e8 al centro dell&#8217;attenzione e gli appassionati si trovano per degustare vini pregiati e specialit\u00e0 regionali. Ad agosto si terr\u00e0 la festa delle cantine a Cornaiano. In questa occasione i viticoltori aprono le loro profonde cantine storiche e vi invitano a gustare il vino con tutti i sensi. Oltre agli squisiti vini altoatesini,&hellip;<\/p>\n","category_list_v2":"","author_info_v2":{"name":"Magdalena Lemayr","url":"https:\/\/meinebleibe.it\/it\/author\/magdalena-lemayr\/"},"comments_num_v2":"0 commenti","_links":{"self":[{"href":"https:\/\/meinebleibe.it\/it\/wp-json\/wp\/v2\/pages\/3383","targetHints":{"allow":["GET"]}}],"collection":[{"href":"https:\/\/meinebleibe.it\/it\/wp-json\/wp\/v2\/pages"}],"about":[{"href":"https:\/\/meinebleibe.it\/it\/wp-json\/wp\/v2\/types\/page"}],"author":[{"embeddable":true,"href":"https:\/\/meinebleibe.it\/it\/wp-json\/wp\/v2\/users\/1"}],"replies":[{"embeddable":true,"href":"https:\/\/meinebleibe.it\/it\/wp-json\/wp\/v2\/comments?post=3383"}],"version-history":[{"count":2,"href":"https:\/\/meinebleibe.it\/it\/wp-json\/wp\/v2\/pages\/3383\/revisions"}],"predecessor-version":[{"id":3854,"href":"https:\/\/meinebleibe.it\/it\/wp-json\/wp\/v2\/pages\/3383\/revisions\/3854"}],"up":[{"embeddable":true,"href":"https:\/\/meinebleibe.it\/it\/wp-json\/wp\/v2\/pages\/3413"}],"wp:attachment":[{"href":"https:\/\/meinebleibe.it\/it\/wp-json\/wp\/v2\/media?parent=3383"}],"curies":[{"name":"wp","href":"https:\/\/api.w.org\/{rel}","templated":true}]}}