{"id":3388,"date":"2022-01-24T20:21:59","date_gmt":"2022-01-24T19:21:59","guid":{"rendered":"https:\/\/meinebleibe.it\/bicicletta\/"},"modified":"2023-02-17T18:57:41","modified_gmt":"2023-02-17T17:57:41","slug":"bicicletta","status":"publish","type":"page","link":"https:\/\/meinebleibe.it\/it\/appiano-e-dintorni\/bicicletta\/","title":{"rendered":"Bicicletta"},"content":{"rendered":"\n<figure class=\"wp-block-image alignfull size-large\"><img loading=\"lazy\" decoding=\"async\" width=\"1024\" height=\"350\" src=\"https:\/\/meinebleibe.it\/wp-content\/uploads\/Ferienwohnung-Bikeurlaub-in-Eppan-an-der-Weinstrasse-Mountainbike-Tour-Suedtirol-Unterkunft-1024x350.jpg\" alt=\"Vacanza in bicicletta in appartamento ad Appiano sulla strada del vino Tour in mountain bike in Alto Adige\" class=\"wp-image-4015\" srcset=\"https:\/\/meinebleibe.it\/wp-content\/uploads\/Ferienwohnung-Bikeurlaub-in-Eppan-an-der-Weinstrasse-Mountainbike-Tour-Suedtirol-Unterkunft-1024x350.jpg 1024w, https:\/\/meinebleibe.it\/wp-content\/uploads\/Ferienwohnung-Bikeurlaub-in-Eppan-an-der-Weinstrasse-Mountainbike-Tour-Suedtirol-Unterkunft-300x102.jpg 300w, https:\/\/meinebleibe.it\/wp-content\/uploads\/Ferienwohnung-Bikeurlaub-in-Eppan-an-der-Weinstrasse-Mountainbike-Tour-Suedtirol-Unterkunft-150x51.jpg 150w, https:\/\/meinebleibe.it\/wp-content\/uploads\/Ferienwohnung-Bikeurlaub-in-Eppan-an-der-Weinstrasse-Mountainbike-Tour-Suedtirol-Unterkunft-768x262.jpg 768w, https:\/\/meinebleibe.it\/wp-content\/uploads\/Ferienwohnung-Bikeurlaub-in-Eppan-an-der-Weinstrasse-Mountainbike-Tour-Suedtirol-Unterkunft.jpg 1500w\" sizes=\"auto, (max-width: 1024px) 100vw, 1024px\" \/><\/figure>\n\n<div class=\"wp-block-stackable-heading stk-block-heading stk--hide-mobile stk-block-heading--v2 stk-block stk-43d426d\" id=\"mtb-und-e-biken-in-eppan\" data-block-id=\"43d426d\"><style>.stk-43d426d{margin-top:90px !important;margin-bottom:60px !important}<\/style><h2 class=\"stk-block-heading__text has-text-align-center stk-block-heading--use-theme-margins\">MTB ed bici ad Appiano<\/h2><\/div>\n\n<div class=\"wp-block-stackable-heading stk-block-heading stk--hide-desktop stk--hide-tablet stk-block-heading--v2 stk-block stk-a8d8c25\" id=\"mtb-und-e-bike\" data-block-id=\"a8d8c25\"><style>.stk-a8d8c25{margin-top:90px !important;margin-bottom:60px !important}@media screen and (max-width:689px){.stk-a8d8c25{margin-bottom:1px !important}}<\/style><h2 class=\"stk-block-heading__text has-text-align-center stk-block-heading--use-theme-margins\">MTB ed e-bike<\/h2><\/div>\n\n<div class=\"wp-block-stackable-columns stk-block-columns stk-block stk-b8c9afd\" data-block-id=\"b8c9afd\"><style>.stk-b8c9afd{margin-bottom:30px !important}<\/style><div class=\"stk-row stk-inner-blocks stk-block-content stk-content-align stk-b8c9afd-column\">\n<div class=\"wp-block-stackable-column stk-block-column stk-block-column--v3 stk-column stk-block-column--v2 stk-block stk-727cb6b\" data-block-id=\"727cb6b\"><style>.stk-727cb6b-container{padding-top:30px !important;padding-right:30px !important;padding-bottom:30px !important;padding-left:30px !important}@media screen and (max-width:689px){.stk-727cb6b-container{padding-top:30px !important;padding-right:10px !important;padding-bottom:20px !important;padding-left:10px !important}}<\/style><div class=\"stk-column-wrapper stk-block-column__content stk-container stk-727cb6b-container stk--no-background stk--no-padding\"><div class=\"stk-block-content stk-inner-blocks stk-727cb6b-inner-blocks\">\n<div class=\"wp-block-stackable-text stk-block-text stk-block stk-c7bacc2\" data-block-id=\"c7bacc2\"><p class=\"stk-block-text__text\"><strong>Vacanze ad Appiano sulla Strada del Vino<\/strong> vuol dire vacanze nel verde e nel cuore delle Dolomiti. Situati a quasi 400 m sul livello del mare e immersi tra vigneti e numerosi castelli, i nostri appartamenti per vacanze sono particolarmente apprezzati da <strong>ciclisti e appassionati di mountain bike.<\/strong><br\/><br\/>Diverse piste ciclabili passano da Appiano sulla Strada del Vino verso Caldaro o Termeno e portano fino a Merano oppure <a href=\"https:\/\/www.bikemeran.it\/de\/radwege\/meran-bozen\" rel=\"noopener\">fino al Lago di Garda, <\/a>il pi\u00f9 grande lago italiano. La ciclabile dell\u2019Adige, anche chiamata la<strong>\u201cpista ciclabile delle mele\u201d<\/strong>, serpeggia tra Merano e Bolzano e ha una <strong>pendenza piuttosto bassa<\/strong>.<br\/><br\/>Chi lascia spaziare lo sguardo pi\u00f9 lontano, scoprir\u00e0 qualche highlight dell&#8217;Alto Adige: le localit\u00e0 della Val d&#8217;Adige, chiese, <strong>numerosi castelli e le Dolomiti<\/strong>, compresi il Catenaccio e lo Sciliar.<\/p><\/div>\n<\/div><\/div><\/div>\n\n\n\n<div class=\"wp-block-stackable-column stk-block-column stk-block-column--v3 stk-column stk-block-column--v2 stk-block stk-dc904b2\" data-block-id=\"dc904b2\"><div class=\"stk-column-wrapper stk-block-column__content stk-container stk-dc904b2-container stk--no-background stk--no-padding\"><div class=\"stk-block-content stk-inner-blocks stk-dc904b2-inner-blocks\">\n<figure class=\"wp-block-image size-large\"><img loading=\"lazy\" decoding=\"async\" width=\"1024\" height=\"764\" src=\"https:\/\/meinebleibe.it\/wp-content\/uploads\/Bikeurlaub-in-Eppan-Unterkunft-in-Eppan-E-Bike-Verleih-1024x764.webp\" alt=\"Vacanze in bicicletta ad Appiano, Alloggi ad Appiano, noleggio e-bike\" class=\"wp-image-2472\" srcset=\"https:\/\/meinebleibe.it\/wp-content\/uploads\/Bikeurlaub-in-Eppan-Unterkunft-in-Eppan-E-Bike-Verleih-1024x764.webp 1024w, https:\/\/meinebleibe.it\/wp-content\/uploads\/Bikeurlaub-in-Eppan-Unterkunft-in-Eppan-E-Bike-Verleih-300x224.webp 300w, https:\/\/meinebleibe.it\/wp-content\/uploads\/Bikeurlaub-in-Eppan-Unterkunft-in-Eppan-E-Bike-Verleih-150x112.webp 150w, https:\/\/meinebleibe.it\/wp-content\/uploads\/Bikeurlaub-in-Eppan-Unterkunft-in-Eppan-E-Bike-Verleih-768x573.webp 768w, https:\/\/meinebleibe.it\/wp-content\/uploads\/Bikeurlaub-in-Eppan-Unterkunft-in-Eppan-E-Bike-Verleih.webp 1340w\" sizes=\"auto, (max-width: 1024px) 100vw, 1024px\" \/><\/figure>\n<\/div><\/div><\/div>\n<\/div><\/div>\n\n<div class=\"wp-block-stackable-columns stk-block-columns stk--hide-mobile stk-block stk-6c5ab5d\" data-block-id=\"6c5ab5d\"><div class=\"stk-row stk-inner-blocks stk-block-content stk-content-align stk-6c5ab5d-column\">\n<div class=\"wp-block-stackable-column stk-block-column stk-block-column--v3 stk-column stk-block-column--v2 stk-block stk-1cd8e5b\" data-block-id=\"1cd8e5b\"><div class=\"stk-column-wrapper stk-block-column__content stk-container stk-1cd8e5b-container stk--no-background stk--no-padding\"><div class=\"stk-block-content stk-inner-blocks stk-1cd8e5b-inner-blocks\">\n<figure class=\"wp-block-image size-large\"><img loading=\"lazy\" decoding=\"async\" width=\"1024\" height=\"764\" src=\"https:\/\/meinebleibe.it\/wp-content\/uploads\/Mountainbike-Urlaub-in-Eppan-an-der-Weinstrasse-1024x764.webp\" alt=\"Vacanza con la bici a Appiano sulla strada del vino\" class=\"wp-image-2506\" srcset=\"https:\/\/meinebleibe.it\/wp-content\/uploads\/Mountainbike-Urlaub-in-Eppan-an-der-Weinstrasse-1024x764.webp 1024w, https:\/\/meinebleibe.it\/wp-content\/uploads\/Mountainbike-Urlaub-in-Eppan-an-der-Weinstrasse-300x224.webp 300w, https:\/\/meinebleibe.it\/wp-content\/uploads\/Mountainbike-Urlaub-in-Eppan-an-der-Weinstrasse-150x112.webp 150w, https:\/\/meinebleibe.it\/wp-content\/uploads\/Mountainbike-Urlaub-in-Eppan-an-der-Weinstrasse-768x573.webp 768w, https:\/\/meinebleibe.it\/wp-content\/uploads\/Mountainbike-Urlaub-in-Eppan-an-der-Weinstrasse.webp 1340w\" sizes=\"auto, (max-width: 1024px) 100vw, 1024px\" \/><\/figure>\n<\/div><\/div><\/div>\n\n\n\n<div class=\"wp-block-stackable-column stk-block-column stk-block-column--v3 stk-column stk-block-column--v2 stk-block stk-8e33863\" data-block-id=\"8e33863\"><style>.stk-8e33863-container{padding-top:30px !important;padding-right:30px !important;padding-bottom:30px !important;padding-left:30px !important}<\/style><div class=\"stk-column-wrapper stk-block-column__content stk-container stk-8e33863-container stk--no-background stk--no-padding\"><div class=\"stk-block-content stk-inner-blocks stk-8e33863-inner-blocks\">\n<div class=\"wp-block-stackable-text stk-block-text stk-block stk-29a8aeb\" data-block-id=\"29a8aeb\"><p class=\"stk-block-text__text\">Se non vi spaventano anche tour abbastanza impegnativi, potete pedalare attraverso <strong>l&#8217;Alta Via di Appiano-Caldaro<\/strong> fino alle Buche di ghiaccio, la villa Matschatsch e poi fino al Passo della <strong>Mendola.<\/strong> Da qui si possono vedere il grande ed il piccolo lago di Monticolo, il bosco di Monticolo e il lago di Caldaro. Le cime delle Dolomiti svettano aggraziate verso il cielo.<br\/><br\/><strong>I ciclisti ambiziosi<\/strong> possono andare dal nostro appartamento per vacanze ad Appiano passando per Ora, Laghetti, Salorno, San Michele e Mezzocorona fino a Trento e da l\u00ec attraverso il Passo Bordala fino a Torbole sul <strong>Lago di Garda.<\/strong> Questo percorso <a href=\"https:\/\/www.outdooractive.com\/de\/radtouren\/eppan-a.d.-weinstr\/radtouren-in-eppan-a.d.-weinstr\/1417518\/\" rel=\"noopener\">supera i 100 km<\/a>. Se lo si desidera, diverse tappe possono essere accorciate anche usando il treno.<br\/><br\/>Nelle immediate vicinanze del nostro alloggio potete noleggiare una bicicletta, una e-bike o una mountain bike per la vostra <strong>vacanza in bicicletta ad Appiano sulla Strada del Vino<\/strong> . Saremo lieti di darvi utili consigli per escursioni e tour nei ditorni.<br\/><\/p><\/div>\n<\/div><\/div><\/div>\n<\/div><\/div>\n\n<div class=\"wp-block-stackable-columns stk-block-columns stk--hide-desktop stk--hide-tablet stk-block stk-c74a03d\" data-block-id=\"c74a03d\"><div class=\"stk-row stk-inner-blocks stk-block-content stk-content-align stk-c74a03d-column\">\n<div class=\"wp-block-stackable-column stk-block-column stk-block-column--v3 stk-column stk-block-column--v2 stk-block stk-e7b97e1\" data-block-id=\"e7b97e1\"><div class=\"stk-column-wrapper stk-block-column__content stk-container stk-e7b97e1-container stk--no-background stk--no-padding\"><div class=\"stk-block-content stk-inner-blocks stk-e7b97e1-inner-blocks\">\n<div class=\"wp-block-stackable-text stk-block-text stk-block stk-9f9d62f\" data-block-id=\"9f9d62f\"><style>.stk-9f9d62f{margin-right:10px !important;margin-bottom:20px !important;margin-left:10px !important}<\/style><p class=\"stk-block-text__text\">Chi non ha paura delle salite pu\u00f2 pedalare attraverso l&#8217; <strong>Eppaner e il Kalterer H\u00f6henweg<\/strong> fino all&#8217;Eppaner <strong>Eislochen<\/strong> e poi lungo la gola della Mendola fino al castello di Matschatsch. Da qui si possono vedere il grande ed il piccolo lago di Monticolo, il bosco di Monticolo e il lago di Caldaro. Le cime delle Dolomiti svettano aggraziate verso il cielo.<br\/><br\/><strong>I ciclisti ambiziosi<\/strong> possono andare dal nostro appartamento per vacanze ad Appiano passando per Ora, Laghetti, Salorno, San Michele e Mezzocorona fino a Trento e da l\u00ec attraverso il Passo Bordala fino a Torbole sul <strong>Lago di Garda.<\/strong> Questo percorso <a href=\"https:\/\/www.outdooractive.com\/de\/radtouren\/eppan-a.d.-weinstr\/radtouren-in-eppan-a.d.-weinstr\/1417518\/\" rel=\"noopener\">supera i 100 km<\/a>.<br\/><br\/>Nelle immediate vicinanze del nostro alloggio potete noleggiare una bicicletta, una e-bike o una mountain bike per la vostra <strong>vacanza in bicicletta ad Appiano sulla Strada del Vino<\/strong> . Saremo lieti di darvi utili consigli per escursioni e tour nei ditorni.<br\/><\/p><\/div>\n<\/div><\/div><\/div>\n\n\n\n<div class=\"wp-block-stackable-column stk-block-column stk-block-column--v3 stk-column stk-block-column--v2 stk-block stk-84caa6d\" data-block-id=\"84caa6d\"><div class=\"stk-column-wrapper stk-block-column__content stk-container stk-84caa6d-container stk--no-background stk--no-padding\"><div class=\"stk-block-content stk-inner-blocks stk-84caa6d-inner-blocks\">\n<figure class=\"wp-block-image size-large\"><img loading=\"lazy\" decoding=\"async\" width=\"1024\" height=\"764\" src=\"https:\/\/meinebleibe.it\/wp-content\/uploads\/Mountainbike-Urlaub-in-Eppan-an-der-Weinstrasse-1024x764.webp\" alt=\"Vacanza con la bici a Appiano sulla strada del vino\" class=\"wp-image-2506\" srcset=\"https:\/\/meinebleibe.it\/wp-content\/uploads\/Mountainbike-Urlaub-in-Eppan-an-der-Weinstrasse-1024x764.webp 1024w, https:\/\/meinebleibe.it\/wp-content\/uploads\/Mountainbike-Urlaub-in-Eppan-an-der-Weinstrasse-300x224.webp 300w, https:\/\/meinebleibe.it\/wp-content\/uploads\/Mountainbike-Urlaub-in-Eppan-an-der-Weinstrasse-150x112.webp 150w, https:\/\/meinebleibe.it\/wp-content\/uploads\/Mountainbike-Urlaub-in-Eppan-an-der-Weinstrasse-768x573.webp 768w, https:\/\/meinebleibe.it\/wp-content\/uploads\/Mountainbike-Urlaub-in-Eppan-an-der-Weinstrasse.webp 1340w\" sizes=\"auto, (max-width: 1024px) 100vw, 1024px\" \/><\/figure>\n<\/div><\/div><\/div>\n<\/div><\/div>\n","protected":false},"excerpt":{"rendered":"<p>MTB ed bici ad Appiano MTB ed e-bike Vacanze ad Appiano sulla Strada del Vino vuol dire vacanze nel verde e nel cuore delle Dolomiti. Situati a quasi 400 m sul livello del mare e immersi tra vigneti e numerosi castelli, i nostri appartamenti per vacanze sono particolarmente apprezzati da ciclisti e appassionati di mountain [&hellip;]<\/p>\n","protected":false},"author":1,"featured_media":0,"parent":3413,"menu_order":0,"comment_status":"closed","ping_status":"closed","template":"","meta":{"footnotes":""},"class_list":["post-3388","page","type-page","status-publish","hentry"],"blocksy_meta":{"styles_descriptor":{"styles":{"desktop":"","tablet":"","mobile":""},"google_fonts":[],"version":6}},"featured_image_urls_v2":{"full":"","thumbnail":"","medium":"","medium_large":"","large":"","1536x1536":"","2048x2048":""},"post_excerpt_stackable_v2":"<p>MTB ed bici ad Appiano MTB ed e-bike Vacanze ad Appiano sulla Strada del Vino vuol dire vacanze nel verde e nel cuore delle Dolomiti. Situati a quasi 400 m sul livello del mare e immersi tra vigneti e numerosi castelli, i nostri appartamenti per vacanze sono particolarmente apprezzati da ciclisti e appassionati di mountain bike.Diverse piste ciclabili passano da Appiano sulla Strada del Vino verso Caldaro o Termeno e portano fino a Merano oppure fino al Lago di Garda, il pi\u00f9 grande lago italiano. La ciclabile dell\u2019Adige, anche chiamata la\u201cpista ciclabile delle mele\u201d, serpeggia tra Merano e Bolzano e&hellip;<\/p>\n","category_list_v2":"","author_info_v2":{"name":"Magdalena Lemayr","url":"https:\/\/meinebleibe.it\/it\/author\/magdalena-lemayr\/"},"comments_num_v2":"0 commenti","_links":{"self":[{"href":"https:\/\/meinebleibe.it\/it\/wp-json\/wp\/v2\/pages\/3388","targetHints":{"allow":["GET"]}}],"collection":[{"href":"https:\/\/meinebleibe.it\/it\/wp-json\/wp\/v2\/pages"}],"about":[{"href":"https:\/\/meinebleibe.it\/it\/wp-json\/wp\/v2\/types\/page"}],"author":[{"embeddable":true,"href":"https:\/\/meinebleibe.it\/it\/wp-json\/wp\/v2\/users\/1"}],"replies":[{"embeddable":true,"href":"https:\/\/meinebleibe.it\/it\/wp-json\/wp\/v2\/comments?post=3388"}],"version-history":[{"count":6,"href":"https:\/\/meinebleibe.it\/it\/wp-json\/wp\/v2\/pages\/3388\/revisions"}],"predecessor-version":[{"id":4018,"href":"https:\/\/meinebleibe.it\/it\/wp-json\/wp\/v2\/pages\/3388\/revisions\/4018"}],"up":[{"embeddable":true,"href":"https:\/\/meinebleibe.it\/it\/wp-json\/wp\/v2\/pages\/3413"}],"wp:attachment":[{"href":"https:\/\/meinebleibe.it\/it\/wp-json\/wp\/v2\/media?parent=3388"}],"curies":[{"name":"wp","href":"https:\/\/api.w.org\/{rel}","templated":true}]}}