{"id":3389,"date":"2022-01-20T21:53:39","date_gmt":"2022-01-20T20:53:39","guid":{"rendered":"https:\/\/meinebleibe.it\/privacy\/"},"modified":"2022-04-03T21:17:57","modified_gmt":"2022-04-03T19:17:57","slug":"privacy","status":"publish","type":"page","link":"https:\/\/meinebleibe.it\/it\/privacy\/","title":{"rendered":"Privacy policy"},"content":{"rendered":"\n<p>La presente Privacy Policy \u00e8 conforme all&#8217;articolo 13 GDPR 2016\/679 (Regolamento generale UE sulla protezione dei dati personali, regolamento dell&#8217;Unione Europea che unifica le regole in materia di trattamento dei dati personali), Raccomandazione n.2\/2001 del gruppo di lavoro ex Art. 29 e il Decreto generale del Garante per la protezione dei dati personali sui cookie n. 229 dell&#8217;8 maggio 2014.<\/p>\n\n<h3 class=\"wp-block-heading\">Raccolta dati su questo sito<\/h3>\n\n<p><strong>Chi \u00e8 responsabile della raccolta dei dati su questo sito Web?<\/strong><\/p>\n\n<p>Il trattamento dei dati su questo sito web \u00e8 svolto da &#8220;Meine Bleibe Appartements&#8221; di Magdalena Lemayr. Per esercitare i diritti previsti dalla normativa ed sopra elencati, potete rivolgervi alla Sig.ra Magdalena Lemayr. I dettagli di contatto possono essere trovati <a href=\"https:\/\/meinebleibe.it\/it\/impronta\/\" data-type=\"page\" data-id=\"9\">nell&#8217;impronta<\/a> o sotto <a href=\"#verantwortlich\">&#8220;Ente responsabile&#8221;<\/a> in questa pagina.<\/p>\n\n<p><strong>Come raccogliamo i tuoi dati?<\/strong><\/p>\n\n<p>Da un lato, i tuoi dati vengono raccolti quando ce li comunichi. Questo pu\u00f2 essere z. B. essere i dati che inserisci in un modulo di contatto. Il conferimento dei dati ed il consenso al loro trattamento sono necessari per poter dar corso alle Sue richieste. Il consenso al trattamento per altre finalit\u00e0 \u00e8 volontario.<\/p>\n\n<p>Altri dati vengono raccolti automaticamente o con il tuo consenso dai nostri sistemi informatici quando visiti il sito web. Si tratta principalmente di dati tecnici (ad es. browser Internet, sistema operativo o ora della chiamata alla pagina). Questi dati vengono raccolti automaticamente non appena si accede a questo sito web. Per maggiori informazioni sui dati che il nostro sito raccoglie attraverso l&#8217;installazione di cookie, si veda la sezione <a href=\"http:\/\/cookies\">dedicata \u201cCookie\u201d<\/a> .<\/p>\n\n<p>Qui puoi cambiare <a  href=\"#consent-change\" role=\"button\" id=\"rcb-sc-link-change\" data-success-message=\"\" class=\"rcb-sc-link rcb-sc-link-change \">Privatsph\u00e4re-Einstellungen \u00e4ndern<\/a> .<br\/>Qui li troverai <a  href=\"#consent-history\" role=\"button\" id=\"rcb-sc-link-history\" data-success-message=\"\" class=\"rcb-sc-link rcb-sc-link-history \">Historie Ihrer Privatsph\u00e4re-Einstellungen<\/a> .<br\/>Puoi modificare il tuo consenso <a  href=\"#consent-revoke\" role=\"button\" id=\"rcb-sc-link-revoke\" data-success-message=\"Du hast die Einwilligung erfolgreich widerrufen. Die Seite wird nun neu geladen.\" class=\"rcb-sc-link rcb-sc-link-revoke \">jederzeit \u00fcber diesen Link widerrufen.<\/a> La pagina verr\u00e0 ora ricaricata.<\/p>\n\n<p><strong>Per cosa utilizziamo i tuoi dati?<\/strong><\/p>\n\n<p>&#8220;My Stay Apartments&#8221; tratta i tuoi dati personali (nome, cognome, indirizzo, codice fiscale, IBAN, ecc.) al fine di eseguire correttamente il servizio concordato. Nello specifico si tratta dell&#8217;elaborazione per la prenotazione della casa vacanza. La base giuridica del trattamento \u00e8 l&#8217;adempimento degli obblighi contrattuali e di legge e l&#8217;attuazione di misure precontrattuali su richiesta dell&#8217;interessato. <\/p>\n\n<p>Un&#8217;altra parte dei dati viene raccolta per garantire una fornitura del sito priva di errori. <\/p>\n\n<p>Altri dati possono essere utilizzati per analizzare il comportamento dell&#8217;utente. <\/p>\n\n<p><strong>Per quanto tempo verranno conservati i tuoi dati?<\/strong><\/p>\n\n<p>I dati personali che La riguardano, raccolti tramite i moduli presenti sul nostro sito, saranno conservati per il tempo strettamente necessario all&#8217;evasione delle Sue richieste. Se i dati devono essere conservati per un periodo di tempo pi\u00f9 lungo in conformit\u00e0 con un&#8217;altra normativa legale, rispettiamo i requisiti corrispondenti. I dati raccolti tramite i cookie sono conservati per il periodo specificato per ogni singolo cookie<\/p>\n\n<p><strong>Quali diritti hai riguardo ai tuoi dati?<\/strong><\/p>\n\n<p>Hai il diritto di ricevere gratuitamente in qualsiasi momento informazioni sull&#8217;origine, il destinatario e lo scopo dei tuoi dati personali memorizzati. Hai anche il diritto di richiedere la rettifica o la cancellazione di questi dati. Se hai prestato il tuo consenso al trattamento dei dati, puoi revocare tale consenso in qualsiasi momento per il futuro. Hai anche il diritto, in determinate circostanze, di richiedere la limitazione del trattamento dei tuoi dati personali. La richiesta deve essere inviata per iscritto a info@meinebleibe.it. Risponderemo alla tua richiesta per iscritto entro 30 giorni.<\/p>\n\n<p>Hai anche il diritto di proporre reclamo all&#8217;autorit\u00e0 di controllo competente.<br\/>Puoi contattarci in qualsiasi momento se hai ulteriori domande sul tema della protezione dei dati.<\/p>\n\n<p><strong>Strumenti di analisi e strumenti di terze parti<\/strong><\/p>\n\n<p>Quando visiti questo sito web, il tuo comportamento di navigazione pu\u00f2 essere valutato statisticamente. Ci\u00f2 avviene principalmente con i cosiddetti programmi di analisi.<\/p>\n\n<p>Informazioni dettagliate su questi programmi di analisi sono disponibili nella seguente dichiarazione sulla protezione dei dati.<\/p>\n\n<p><strong>Crittografia SSL o TLS<\/strong><\/p>\n\n<p>Per motivi di sicurezza e per proteggere la trasmissione di contenuti riservati, come ordini o richieste che ci invii in qualit\u00e0 di operatore del sito, questo sito utilizza la crittografia SSL o TLS. \u00c8 possibile riconoscere una connessione crittografata dal fatto che la riga dell&#8217;indirizzo del browser cambia da &#8220;http:\/\/&#8221; a &#8220;https:\/\/&#8221; e dal simbolo del lucchetto nella riga del browser.<\/p>\n\n<p>Se la crittografia SSL o TLS \u00e8 attivata, i dati che ci trasmetti non possono essere letti da terzi.<\/p>\n\n<h3 class=\"wp-block-heading\">Trattamento dei dati (dati del cliente e del contratto)<\/h3>\n\n<p>Raccogliamo, elaboriamo e utilizziamo i dati personali solo nella misura in cui sono necessari per l&#8217;instaurazione, il contenuto o la modifica del rapporto giuridico (dati di inventario). Ci\u00f2 avviene sulla base dell&#8217;articolo 6 cpv. 1 lit. b GDPR, che consente il trattamento dei dati per l&#8217;esecuzione di un contratto o misure precontrattuali. Raccogliamo, elaboriamo e utilizziamo i dati personali sull&#8217;utilizzo del nostro sito Web (dati di utilizzo) solo nella misura necessaria per consentire all&#8217;utente di utilizzare il servizio o per fatturare all&#8217;utente.<\/p>\n\n<p>I dati del cliente raccolti verranno cancellati dopo il completamento dell&#8217;ordine o la cessazione del rapporto commerciale. I periodi di conservazione previsti dalla legge restano inalterati.<\/p>\n\n<p><strong>Trasmissione dei dati alla conclusione del contratto<\/strong><\/p>\n\n<p>Trasmettiamo i dati personali a terzi solo se necessario nell&#8217;ambito dell&#8217;elaborazione del contratto, ad esempio alla banca incaricata dell&#8217;elaborazione dei pagamenti, al fornitore di servizi IT come l&#8217;host web o a consulenti legali o fiscali esterni. I nostri fornitori di servizi sono obbligati da noi per iscritto secondo i severi requisiti del GDPR e possono utilizzare i dati solo per gli scopi specificati. <\/p>\n\n<p>La base giuridica per la trasmissione \u00e8 l&#8217;adempimento di obblighi legali e contrattuali o l&#8217;attuazione di misure precontrattuali ai sensi dell&#8217;articolo 6 par. 1 lit. b GDPR su richiesta dell&#8217;interessato. In ogni caso verranno comunicati solo i dati indispensabili per l&#8217;espletamento del rispettivo servizio. Se la trasmissione di dati anonimizzati si rivela sufficiente, verr\u00e0 trasmessa solo questa. I tuoi dati non saranno ceduti a terzi senza il tuo esplicito consenso, ad esempio per scopi pubblicitari.<\/p>\n\n<p>Se desideri informazioni sui fornitori di servizi attualmente utilizzati da noi, saremo lieti di inviarti un elenco su richiesta.<\/p>\n\n<h3 class=\"wp-block-heading\">Hosting tutto compreso<\/h3>\n\n<p>Ospitiamo il nostro sito Web su All-Incl. Il fornitore \u00e8 ALL-INKL.COM &#8211; Neue Medien M\u00fcnnich, Inh. Ren\u00e9 M\u00fcnnich, Hauptstra\u00dfe 68, 02742 Friedersdorf (di seguito tutto compreso). I dettagli possono essere trovati nella dichiarazione sulla protezione dei dati All-Incl:<br\/><a href=\"https:\/\/all-inkl.com\/datenschutzinformationen\/.\" rel=\"noopener\">https:\/\/all-inkl.com\/datenschutzinformationen\/.<\/a><\/p>\n\n<p>L&#8217;uso della formula all inclusive si basa sull&#8217;articolo 6 cpv. 1 lit. f GDPR. Abbiamo un legittimo interesse che il nostro sito Web venga visualizzato nel modo pi\u00f9 affidabile possibile. Se \u00e8 stato richiesto un corrispondente consenso, il trattamento avviene esclusivamente sulla base dell&#8217;articolo 6 cpv. 1 lit. a GDPR e \u00a7 25 par. 1 TTDSG, nella misura in cui il consenso comprende la memorizzazione di cookie o l&#8217;accesso a informazioni nel dispositivo finale dell&#8217;utente (ad es. dispositivo fingerprinting) ai sensi del TTDSG. Il consenso pu\u00f2 essere revocato in qualsiasi momento.<\/p>\n\n<p><strong>Elaborazione dell&#8217;ordine<\/strong><\/p>\n\n<p>Abbiamo stipulato un contratto di elaborazione degli ordini (AVV) con il suddetto fornitore. Questo \u00e8 un contratto previsto dalla legge sulla protezione dei dati, che garantisce che i dati personali dei visitatori del nostro sito Web vengano elaborati solo secondo le nostre istruzioni e nel rispetto del GDPR.<\/p>\n\n<h3 class=\"wp-block-heading\">Informazioni generali e informazioni obbligatorie<\/h3>\n\n<p>Gli operatori di queste pagine prendono molto sul serio la protezione dei tuoi dati personali. Trattiamo i tuoi dati personali in modo confidenziale e in conformit\u00e0 con le disposizioni di legge sulla protezione dei dati e la presente dichiarazione sulla protezione dei dati.<\/p>\n\n<p>Se utilizzi questo sito web, verranno raccolti diversi dati personali. I dati personali sono dati con i quali \u00e8 possibile identificarsi personalmente. Questa dichiarazione sulla protezione dei dati spiega quali dati raccogliamo e per cosa li utilizziamo. Spiega anche come e per quale scopo ci\u00f2 accade.<\/p>\n\n<p id=\"verantwortlich\">Segnaliamo che la trasmissione di dati su Internet (ad es. quando si comunica via e-mail) pu\u00f2 presentare lacune di sicurezza. Non \u00e8 possibile una protezione completa dei dati contro l&#8217;accesso di terzi.<\/p>\n\n<p><strong>Nota sull&#8217;organismo responsabile<\/strong><\/p>\n\n<p>Il responsabile del trattamento dei dati su questo sito web \u00e8:<\/p>\n\n<p>Maddalena Lemayr <br\/>Via Andreas Hofer 9<br\/>39057 Appiano sulla Strada del Vino<\/p>\n\n<p>Telefono: +39 331 173 8854 <br\/>E-Mail: info@meinebleibe.it<\/p>\n\n<p>L&#8217;organo responsabile \u00e8 la persona fisica o giuridica che, da sola o insieme ad altri, decide le finalit\u00e0 e le modalit\u00e0 del trattamento dei dati personali (es. nomi, indirizzi e-mail, ecc.).<\/p>\n\n<p><strong>durata di conservazione<\/strong><\/p>\n\n<p>A meno che non sia stato specificato un periodo di conservazione specifico nella presente dichiarazione sulla protezione dei dati, i tuoi dati personali rimarranno con noi fino a quando lo scopo del trattamento dei dati non sar\u00e0 pi\u00f9 applicabile. Se fai valere una legittima richiesta di cancellazione o revoca il tuo consenso al trattamento dei dati, i tuoi dati saranno cancellati a meno che non abbiamo altri motivi legalmente consentiti per la conservazione dei tuoi dati personali (ad es. periodi di conservazione del diritto fiscale o commerciale); in quest&#8217;ultimo caso, i dati saranno cancellati una volta venute meno tali ragioni.<\/p>\n\n<p><strong>Informazioni generali sulla base giuridica per il trattamento dei dati su questo sito web<\/strong><\/p>\n\n<p>Se hai acconsentito al trattamento dei dati, elaboriamo i tuoi dati personali sulla base dell&#8217;articolo 6 par. 1 lit. a GDPR o Art. 9 par. 2 lit. a GDPR, se categorie di dati speciali ai sensi dell&#8217;articolo 9 par. 1 GDPR sono trattati. In caso di espresso consenso al trasferimento di dati personali verso paesi terzi, il trattamento dei dati si basa anche sull&#8217;articolo 49 cpv. 1 lit. un GDPR. Se hai acconsentito alla memorizzazione dei cookie o all&#8217;accesso a informazioni sul tuo dispositivo finale (ad es. tramite l&#8217;impronta digitale del dispositivo), il trattamento dei dati viene effettuato anche sulla base dell&#8217;articolo 25 par. 1 TTDSG. Il consenso pu\u00f2 essere revocato in qualsiasi momento. Se i tuoi dati sono necessari per l&#8217;esecuzione del contratto o per l&#8217;esecuzione di misure precontrattuali, trattiamo i tuoi dati sulla base dell&#8217;articolo 6 par. 1 lit. b GDPR. Inoltre, trattiamo i tuoi dati se sono necessari per adempiere un obbligo legale sulla base dell&#8217;articolo 6 par. 1 lit. c GDPR. Il trattamento dei dati pu\u00f2 anche basarsi sul nostro legittimo interesse ai sensi dell&#8217;articolo 6 par. 1 lit. f GDPR. I seguenti paragrafi della presente dichiarazione sulla protezione dei dati forniscono informazioni sulle basi giuridiche pertinenti in ogni singolo caso.<\/p>\n\n<h3 class=\"wp-block-heading\">Diritti degli interessati<\/h3>\n\n<p><strong>Revoca del consenso al trattamento dei dati<\/strong><\/p>\n\n<p>Molte operazioni di trattamento dei dati sono possibili solo previo tuo espresso consenso. Puoi revocare in qualsiasi momento il consenso gi\u00e0 prestato. Resta salva la liceit\u00e0 del trattamento dei dati che ha avuto luogo fino alla revoca.<\/p>\n\n<p><strong>Diritto di ricorso all&#8217;autorit\u00e0 di controllo competente<\/strong><\/p>\n\n<p>In caso di violazione del GDPR, gli interessati hanno il diritto di proporre reclamo a un&#8217;autorit\u00e0 di controllo, in particolare nello Stato membro in cui risiedono abitualmente, nel luogo di lavoro o nel luogo della presunta violazione. Il diritto di proporre reclamo lascia impregiudicato ogni altro rimedio amministrativo o giurisdizionale.<\/p>\n\n<p><strong>Diritto alla portabilit\u00e0 dei dati<\/strong><\/p>\n\n<p>Hai il diritto di avere i dati che elaboriamo automaticamente sulla base del tuo consenso o in adempimento di un contratto consegnato a te o a terzi in un formato comune e leggibile da dispositivo automatico. Se si richiede il trasferimento diretto dei dati a un altro responsabile, ci\u00f2 avverr\u00e0 solo nella misura in cui ci\u00f2 sia tecnicamente fattibile.<\/p>\n\n<p><strong>Informazione, cancellazione e correzione<\/strong><\/p>\n\n<p>Nell&#8217;ambito delle disposizioni di legge applicabili, hai il diritto di ottenere gratuitamente informazioni sui tuoi dati personali memorizzati, la loro origine e destinatario e lo scopo del trattamento dei dati e, se necessario, il diritto di rettifica o cancellazione di tali dati in qualsiasi momento . Puoi contattarci in qualsiasi momento se hai ulteriori domande sull&#8217;argomento dei dati personali.<\/p>\n\n<p><strong>Diritto alla limitazione del trattamento<\/strong><\/p>\n\n<p>Hai il diritto di richiedere la limitazione del trattamento dei tuoi dati personali. Puoi contattarci in qualsiasi momento per questo. Il diritto alla limitazione del trattamento sussiste nei seguenti casi:<\/p>\n\n<p>Se contesti l&#8217;accuratezza dei tuoi dati personali da noi memorizzati, di solito abbiamo bisogno di tempo per verificarlo. Per tutta la durata dell&#8217;esame, hai il diritto di richiedere la limitazione del trattamento dei tuoi dati personali.<\/p>\n\n<p>Se il trattamento dei tuoi dati personali \u00e8 avvenuto\/sta avvenendo in modo illecito, puoi richiedere la limitazione del trattamento dei dati anzich\u00e9 la cancellazione.<br\/>Se non abbiamo pi\u00f9 bisogno dei tuoi dati personali, ma ne hai bisogno per esercitare, difendere o far valere diritti legali, hai il diritto di richiedere che il trattamento dei tuoi dati personali sia limitato invece di essere cancellato.<\/p>\n\n<p>Se si oppone ai sensi dell&#8217;articolo 21 cpv. 1 GDPR, occorre trovare un equilibrio tra i vostri interessi e i nostri. Finch\u00e9 non \u00e8 chiaro quali interessi prevalgono, hai il diritto di richiedere che il trattamento dei tuoi dati personali sia limitato.<\/p>\n\n<p>Se hai limitato il trattamento dei tuoi dati personali, questi dati &#8211; a parte la loro conservazione &#8211; possono essere utilizzati solo con il tuo consenso o per far valere, esercitare o difendere un diritto in sede giudiziaria o per proteggere i diritti di un&#8217;altra persona fisica o giuridica o per motivi di sono trattati importanti interessi pubblici dell&#8217;Unione europea o di uno Stato membro.<\/p>\n\n<p><strong>Obiezione alle e-mail promozionali<\/strong><\/p>\n\n<p>Con la presente ci opponiamo all&#8217;utilizzo dei dati di contatto pubblicati nell&#8217;ambito dell&#8217;obbligo di impronta per l&#8217;invio di materiale pubblicitario e informativo non richiesto. I gestori del sito si riservano espressamente il diritto di agire in giudizio in caso di invio di pubblicit\u00e0 non richiesta, come e-mail di spam.<\/p>\n\n<h3 class=\"wp-block-heading\" id=\"cookies\">Raccolta dati su questo sito web &#8211; cookie<\/h3>\n\n<p>Il nostro sito web utilizza i cosiddetti &#8220;cookie&#8221;. I cookie sono piccoli file di testo che i siti web visitati dall&#8217;utente memorizzano sul suo dispositivo finale. Vengono memorizzati sul dispositivo finale dell&#8217;utente temporaneamente per la durata di una sessione (cookie di sessione) o in modo permanente (cookie permanenti). I cookie di sessione vengono automaticamente cancellati dopo la tua visita. I cookie permanenti rimangono memorizzati sul tuo dispositivo finale fino a quando non li elimini tu stesso o fino a quando non vengono eliminati automaticamente dal tuo browser web. <\/p>\n\n<p>I cookie vengono inseriti per una serie di motivi. Prevede inoltre la possibilit\u00e0 di effettuare autenticazioni informatiche, monitoraggio delle sessioni di navigazione, scelta della lingua.<\/p>\n\n<p>In alcuni casi, quando accedi al nostro sito, possono essere memorizzati anche cookie di societ\u00e0 terze (cookie di terze parti). Questi consentono a noi o all&#8217;utente di utilizzare determinati servizi della societ\u00e0 terza (ad es. cookie per l&#8217;elaborazione dei servizi di pagamento). Se, durante la navigazione sul sito, l&#8217;utente riceve anche cookie che vengono trasmessi da altri siti web o web server, questi vengono definiti cookie di terze parti.<\/p>\n\n<p>I cookie hanno funzioni diverse. Numerosi cookie sono tecnicamente necessari perch\u00e9 senza di essi alcune funzioni del sito non funzionerebbero (ad es. la funzione del carrello o la visualizzazione di video). Altri cookie vengono utilizzati per valutare il comportamento degli utenti o per visualizzare pubblicit\u00e0.<\/p>\n\n<p>Cookie necessari per eseguire il processo di comunicazione elettronica, per fornire determinate funzioni desiderate (ad es. per la funzione del carrello) o per ottimizzare il sito web (ad es. cookie per la misurazione dell&#8217;audience web) (cookie necessari) sulla base dell&#8217;art. 6 par. 1 lit. f GDPR, salvo diversa base giuridica. Il gestore del sito web ha un legittimo interesse alla memorizzazione dei cookie necessari per la fornitura dei propri servizi tecnicamente priva di errori e ottimizzata. Se \u00e8 stato richiesto il consenso alla memorizzazione dei cookie e di tecnologie di riconoscimento comparabili, il trattamento avviene esclusivamente sulla base di tale consenso (art. 6 cpv. 1 lett. a DSGVO e \u00a7 25 cpv. 1 TTDSG); il consenso pu\u00f2 essere revocato in qualsiasi momento.<\/p>\n\n<p>Puoi impostare il tuo browser in modo da essere informato sull&#8217;impostazione dei cookie e consentire i cookie solo in singoli casi, escludere l&#8217;accettazione dei cookie per determinati casi o in generale e attivare la cancellazione automatica dei cookie alla chiusura del browser. Nel <\/p>\n\n<p>La disabilitazione dei cookie pu\u00f2 limitare la funzionalit\u00e0 di questo sito web.<\/p>\n\n<p>Se i cookie sono utilizzati da societ\u00e0 terze o per scopi di analisi, ti informeremo separatamente in questa dichiarazione sulla protezione dei dati e, se necessario, chiederemo il tuo consenso.<\/p>\n\n<p><strong>Banner al primo accesso<\/strong><\/p>\n\n<p>In base al decreto del Garante per la protezione dei dati personali dell&#8217;8 maggio 2004, in caso di utilizzo di cookie non tecnici, al primo accesso dell&#8217;utente al sito deve essere visualizzato un banner (cd avviso breve) che indichi sinteticamente come il sito web gestisce i cookie e che contiene un riferimento alla normativa estesa sulla protezione dei dati.<\/p>\n\n<h3 class=\"wp-block-heading\">Modulo di Contatto<\/h3>\n\n<p>Sul nostro sito Web \u00e8 presente un modulo di contatto che pu\u00f2 essere utilizzato per contattarci elettronicamente. Se un utente si avvale di questa opzione, i dati inseriti nella maschera di input ci verranno trasmessi e salvati. Queste date sono:<\/p>\n\n<ol class=\"wp-block-list\"><li>Nome e cognome<\/li><li>Il tuo indirizzo di posta elettronica<\/li><li>numero di telefono (facoltativo)<\/li><li>Arrivo e partenza<\/li><li>Casa vacanza desiderata<\/li><li>numero dei tuoi figli<\/li><li>notizia<\/li><\/ol>\n\n<p>Durante il processo di invio verr\u00e0 ottenuto il consenso al trattamento dei dati e si far\u00e0 riferimento alla presente dichiarazione sulla protezione dei dati.<\/p>\n\n<p>Questi dati sono trattati sulla base dell&#8217;articolo 6 cpv. 1 lit. b GDPR se la tua richiesta \u00e8 correlata all&#8217;adempimento di un contratto o \u00e8 necessaria per eseguire misure precontrattuali. In tutti gli altri casi, il trattamento si basa sul nostro legittimo interesse all&#8217;efficace trattamento delle richieste a noi rivolte (art. 6 cpv. 1 lett. f GDPR) o sul suo consenso (art. 6 cpv. 1 lett. a GDPR) se questo \u00e8 stato interrogato; il consenso pu\u00f2 essere revocato in qualsiasi momento.<\/p>\n\n<p>I dati che inserisci nel modulo di contatto rimarranno con noi fino a quando non ci chiedi di cancellarli, revocare il tuo consenso alla conservazione o non si applica pi\u00f9 lo scopo della conservazione dei dati (ad es. dopo che la tua richiesta \u00e8 stata elaborata). Le disposizioni di legge obbligatorie, in particolare i periodi di conservazione, restano impregiudicate.<\/p>\n\n<p>In alternativa, puoi contattarci tramite l&#8217;indirizzo email fornito. Puoi trovare maggiori informazioni al riguardo nel paragrafo successivo.<\/p>\n\n<h3 class=\"wp-block-heading\">Richiesta via e-mail, telefono o fax<\/h3>\n\n<p>Se ci contatti via e-mail o telefono, la tua richiesta, inclusi tutti i dati personali risultanti (nome, richiesta) saranno archiviati ed elaborati da noi allo scopo di elaborare la tua richiesta. Non trasmettiamo questi dati senza il tuo consenso.<\/p>\n\n<p>Questi dati sono trattati sulla base dell&#8217;articolo 6 cpv. 1 lit. b GDPR se la tua richiesta \u00e8 correlata all&#8217;adempimento di un contratto o \u00e8 necessaria per eseguire misure precontrattuali. In tutti gli altri casi, il trattamento si basa sul nostro legittimo interesse all&#8217;efficace trattamento delle richieste a noi rivolte (art. 6 cpv. 1 lett. f GDPR) o sul suo consenso (art. 6 cpv. 1 lett. a GDPR) se questo \u00e8 stato interrogato; il consenso pu\u00f2 essere revocato in qualsiasi momento.<\/p>\n\n<p>I dati che ci hai inviato tramite le richieste di contatto rimarranno con noi fino a quando non ne richiedi la cancellazione, non revochi il tuo consenso alla conservazione o lo scopo della conservazione dei dati non si applica pi\u00f9 (ad es. dopo che la tua richiesta \u00e8 stata elaborata). Le disposizioni di legge obbligatorie, in particolare i periodi di conservazione previsti dalla legge, restano impregiudicate.<\/p>\n\n<p>In questo contesto, i dati non saranno ceduti a terzi. I dati verranno utilizzati solo per elaborare la conversazione e per prenotare la casa vacanza.<\/p>\n\n<p><strong>Fonte:<\/strong><br\/> https:\/\/www.e-recht24.de<\/p>\n","protected":false},"excerpt":{"rendered":"<p>La presente Privacy Policy \u00e8 conforme all&#8217;articolo 13 GDPR 2016\/679 (Regolamento generale UE sulla protezione dei dati personali, regolamento dell&#8217;Unione Europea che unifica le regole in materia di trattamento dei dati personali), Raccomandazione n.2\/2001 del gruppo di lavoro ex Art. 29 e il Decreto generale del Garante per la protezione dei dati personali sui cookie [&hellip;]<\/p>\n","protected":false},"author":1,"featured_media":0,"parent":0,"menu_order":0,"comment_status":"closed","ping_status":"open","template":"","meta":{"footnotes":""},"class_list":["post-3389","page","type-page","status-publish","hentry"],"blocksy_meta":{"styles_descriptor":{"styles":{"desktop":"","tablet":"","mobile":""},"google_fonts":[],"version":6}},"featured_image_urls_v2":{"full":"","thumbnail":"","medium":"","medium_large":"","large":"","1536x1536":"","2048x2048":""},"post_excerpt_stackable_v2":"<p>La presente Privacy Policy \u00e8 conforme all&#8217;articolo 13 GDPR 2016\/679 (Regolamento generale UE sulla protezione dei dati personali, regolamento dell&#8217;Unione Europea che unifica le regole in materia di trattamento dei dati personali), Raccomandazione n.2\/2001 del gruppo di lavoro ex Art. 29 e il Decreto generale del Garante per la protezione dei dati personali sui cookie n. 229 dell&#8217;8 maggio 2014. Raccolta dati su questo sito Chi \u00e8 responsabile della raccolta dei dati su questo sito Web? Il trattamento dei dati su questo sito web \u00e8 svolto da &#8220;Meine Bleibe Appartements&#8221; di Magdalena Lemayr. Per esercitare i diritti previsti dalla normativa&hellip;<\/p>\n","category_list_v2":"","author_info_v2":{"name":"Magdalena Lemayr","url":"https:\/\/meinebleibe.it\/it\/author\/magdalena-lemayr\/"},"comments_num_v2":"0 commenti","_links":{"self":[{"href":"https:\/\/meinebleibe.it\/it\/wp-json\/wp\/v2\/pages\/3389","targetHints":{"allow":["GET"]}}],"collection":[{"href":"https:\/\/meinebleibe.it\/it\/wp-json\/wp\/v2\/pages"}],"about":[{"href":"https:\/\/meinebleibe.it\/it\/wp-json\/wp\/v2\/types\/page"}],"author":[{"embeddable":true,"href":"https:\/\/meinebleibe.it\/it\/wp-json\/wp\/v2\/users\/1"}],"replies":[{"embeddable":true,"href":"https:\/\/meinebleibe.it\/it\/wp-json\/wp\/v2\/comments?post=3389"}],"version-history":[{"count":2,"href":"https:\/\/meinebleibe.it\/it\/wp-json\/wp\/v2\/pages\/3389\/revisions"}],"predecessor-version":[{"id":3862,"href":"https:\/\/meinebleibe.it\/it\/wp-json\/wp\/v2\/pages\/3389\/revisions\/3862"}],"wp:attachment":[{"href":"https:\/\/meinebleibe.it\/it\/wp-json\/wp\/v2\/media?parent=3389"}],"curies":[{"name":"wp","href":"https:\/\/api.w.org\/{rel}","templated":true}]}}