{"id":3394,"date":"2022-01-21T20:27:32","date_gmt":"2022-01-21T19:27:32","guid":{"rendered":"https:\/\/meinebleibe.it\/impronta\/"},"modified":"2024-08-21T21:02:08","modified_gmt":"2024-08-21T19:02:08","slug":"impronta","status":"publish","type":"page","link":"https:\/\/meinebleibe.it\/it\/impronta\/","title":{"rendered":"Impronta"},"content":{"rendered":"\n<h4 class=\"wp-block-heading\" id=\"verantwortlich-fur-den-inhalt\">Responsabile dei contenuti<\/h4>\n\n<p>Il mio posto dove stare &#8211; Appartamenti di Magdalena Lemayr<\/p>\n\n<p><br\/>Andreas-Hofer-Stra\u00dfe 9 39057 Eppan an der Weinstra\u00dfe<\/p>\n\n<p><br\/>N. Str.: LMYMDL88D63A952S N. IVA: 03121740215 <\/p>\n\n<p><br\/>Tel.: 0039 331 173 8854 info@meinebleibe.it<\/p>\n\n<p>CIN: IT021004B4NO8M86PK<\/p>\n\n<p>REA no.\n<br\/>segue PEC: magdalena.lemayr@legalmail.it <\/p>\n\n<h4 class=\"wp-block-heading\" id=\"haftungsausschluss\">Esclusione di responsabilit\u00e0<\/h4>\n\n<p>&#8220;Il mio posto dove stare&#8221;\nAppartements der Magdalena Lemayr non si assume alcuna responsabilit\u00e0 per l&#8217;attualit\u00e0, l&#8217;accuratezza, la completezza o la qualit\u00e0 delle informazioni fornite.\n<br\/>Le richieste di responsabilit\u00e0 relative a danni materiali o immateriali causati dall&#8217;uso o dal mancato uso delle informazioni e dei servizi forniti o dall&#8217;uso di informazioni errate o incomplete sono fondamentalmente escluse, a meno che non vi siano prove di dolo o grave negligenza da parte di Magdalena Lemayr. Non ci assumiamo alcuna responsabilit\u00e0 per le informazioni contenute nei link e nei riferimenti di altri siti web e per i loro riferimenti ad altri siti web.\nIl rispettivo fornitore o gestore delle pagine \u00e8 sempre responsabile del contenuto delle pagine collegate.   <\/p>\n\n<details class=\"wp-block-stackable-accordion stk-block-accordion stk-inner-blocks stk-block-content stk-block stk-daabb10\" data-block-id=\"daabb10\"><style>.stk-daabb10{border-style:solid !important;border-color:#dfdad1 !important;border-top-width:0px !important;border-right-width:0px !important;border-bottom-width:1px !important;border-left-width:0px !important;padding-bottom:24px !important;margin-bottom:30px !important}<\/style>\n<summary class=\"wp-block-stackable-column stk-block-column stk-column stk-block stk-f58c409 stk--container-small stk-block-accordion__heading\" data-v=\"4\" data-block-id=\"f58c409\"><div class=\"stk-column-wrapper stk-block-column__content stk-container stk-f58c409-container stk--no-background stk--no-padding\"><div class=\"stk-block-content stk-inner-blocks stk-f58c409-inner-blocks\">\n<div class=\"wp-block-stackable-icon-label stk-block-icon-label stk-block stk-9757afd\" data-block-id=\"9757afd\"><div class=\"stk-row stk-inner-blocks stk-block-content\">\n<div class=\"wp-block-stackable-heading stk-block-heading stk-block-heading--v2 stk-block stk-92f5084\" id=\"bildquellen\" data-block-id=\"92f5084\"><style>.stk-92f5084 .stk-block-heading__text{text-shadow:none !important;font-family:\"Montserrat\",Sans-serif !important}<\/style><h4 class=\"stk-block-heading__text\">Fonti dell&#8217;immagine<\/h4><\/div>\n\n\n\n<div class=\"wp-block-stackable-icon stk-block-icon stk-block stk-9bee4bd\" data-block-id=\"9bee4bd\"><span class=\"stk--svg-wrapper\"><div class=\"stk--inner-svg\"><svg style=\"height:0;width:0\"><defs><lineargradient id=\"linear-gradient-9bee4bd\" x1=\"0\" x2=\"100%\" y1=\"0\" y2=\"0\"><stop offset=\"0%\" style=\"stop-opacity:1;stop-color:var(--linear-gradient-9-bee-4-bd-color-1)\"><\/stop><stop offset=\"100%\" style=\"stop-opacity:1;stop-color:var(--linear-gradient-9-bee-4-bd-color-2)\"><\/stop><\/lineargradient><\/defs><\/svg><svg data-prefix=\"fas\" data-icon=\"chevron-down\" class=\"svg-inline--fa fa-chevron-down fa-w-14\" xmlns=\"http:\/\/www.w3.org\/2000\/svg\" viewbox=\"0 0 448 512\" aria-hidden=\"true\" width=\"32\" height=\"32\"><path fill=\"currentColor\" d=\"M207.029 381.476L12.686 187.132c-9.373-9.373-9.373-24.569 0-33.941l22.667-22.667c9.357-9.357 24.522-9.375 33.901-.04L224 284.505l154.745-154.021c9.379-9.335 24.544-9.317 33.901.04l22.667 22.667c9.373 9.373 9.373 24.569 0 33.941L240.971 381.476c-9.373 9.372-24.569 9.372-33.942 0z\"><\/path><\/svg><\/div><\/span><\/div>\n<\/div><\/div>\n<\/div><\/div><\/summary>\n\n\n\n<div class=\"wp-block-stackable-column stk-block-column stk-column stk-block stk-707310a stk-block-accordion__content\" data-v=\"4\" data-block-id=\"707310a\"><style>.stk-707310a-container{padding-top:0px !important;padding-right:0px !important;padding-bottom:0px !important;padding-left:0px !important}<\/style><div class=\"stk-column-wrapper stk-block-column__content stk-container stk-707310a-container stk--no-background stk--no-padding\"><div class=\"stk-block-content stk-inner-blocks stk-707310a-inner-blocks\">\n<div class=\"wp-block-stackable-text stk-block-text stk-block stk-2cc324f\" data-block-id=\"2cc324f\"><p class=\"stk-block-text__text\">Magdalena Lemayr \u00a9 \n<a href=\"https:\/\/unsplash.com\/@tomonine?utm_source=unsplash&amp;utm_medium=referral&amp;utm_content=creditCopyText\" rel=\"noopener\">Thomas Schaefer<\/a> \u00a9 \n<a href=\"https:\/\/unsplash.com\/@nachoargenta?utm_source=unsplash&amp;utm_medium=referral&amp;utm_content=creditCopyText\" rel=\"noopener\">Nacho Dom\u00ednguez Argenta<\/a> \u00a9 \n<a href=\"https:\/\/de.freepik.com\/rawpixel-com\" rel=\"noopener\">Rawpixel<\/a> \u00a9 \n<a href=\"https:\/\/nat%C3%BCrlich-gl%C3%BCcklich.com\" rel=\"noopener\">Silvia Rabensteiner<\/a> \u00a9 Helmuth Rier &#8211; eppan.com \u00a9 allesfoto Peterlin Klaus &#8211; eppan.com \u00a9 \n<a href=\"https:\/\/pixabay.com\/users\/jillrose999-16379406\/?utm_source=link-attribution&amp;utm_medium=referral&amp;utm_campaign=image&amp;utm_content=5216736\" rel=\"noopener\">Jill Rose<\/a>, \n<a href=\"https:\/\/pixabay.com\/?utm_source=link-attribution&amp;utm_medium=referral&amp;utm_campaign=image&amp;utm_content=5216736\" rel=\"noopener\">Pixabay<\/a> \u00a9 \n<a href=\"https:\/\/unsplash.com\/@toddquackenbush?utm_source=unsplash&amp;utm_medium=referral&amp;utm_content=creditCopyText\" rel=\"noopener\">Todd Quackenbush<\/a>, \n<a href=\"https:\/\/unsplash.com\/?utm_source=unsplash&amp;utm_medium=referral&amp;utm_content=creditCopyText\" rel=\"noopener\">Unsplash<\/a> \u00a9 Miriam Leis \u00a9 Zeno Deluggi \u00a9Marion Lafogler &#8211; eppan.com \u00a9 \n<a href=\"https:\/\/unsplash.com\/@riccardoch?utm_source=unsplash&amp;utm_medium=referral&amp;utm_content=creditCopyText\" rel=\"noopener\">Riccardo Chiarini<\/a>, \n<a href=\"https:\/\/unsplash.com\/s\/photos\/snow-hiking?utm_source=unsplash&amp;utm_medium=referral&amp;utm_content=creditCopyText\" rel=\"noopener\">Unsplash<\/a> \u00ae \n<a href=\"https:\/\/www.mercatinodinatalebz.it\/de\/bildergalerie.htm\" rel=\"noopener\">AlexFelt-0306<\/a> \u00ae \n<a href=\"https:\/\/pixabay.com\/users\/jillwellington-334088\/?utm_source=link-attribution&amp;utm_medium=referral&amp;utm_campaign=image&amp;utm_content=1952051\" rel=\"noopener\">Jill Wellington<\/a>, \n<a href=\"https:\/\/pixabay.com\/?utm_source=link-attribution&amp;utm_medium=referral&amp;utm_campaign=image&amp;utm_content=1952051\" rel=\"noopener\">Pixabay<\/a> \u00a9 \n<a href=\"https:\/\/pixabay.com\/users\/lingarto-11952309\/?utm_source=link-attribution&amp;utm_medium=referral&amp;utm_campaign=image&amp;utm_content=5160600\" rel=\"noopener\">Adri\u00e1n G\u00f3mez &#8211; Mill\u00e1n D\u00edaz<\/a>, \n<a href=\"https:\/\/pixabay.com\/?utm_source=link-attribution&amp;utm_medium=referral&amp;utm_campaign=image&amp;utm_content=5160600\" rel=\"noopener\">Pixabay<\/a> \u00a9                 <a href=\"https:\/\/www.freepik.com\/author\/artphotostudio\" rel=\"noopener\">ArtPhoto_studio<\/a> &#8211;  <a href=\"https:\/\/www.freepik.com\/free-photo\/male-cyclist-riding-bicycle-mountains_27071628.htm#query=biking&amp;position=2&amp;from_view=search&amp;track=sph\" rel=\"noopener\"><\/a><a href=\"https:\/\/www.freepik.com\/free-photo\/male-cyclist-riding-bicycle-mountains_27071628.htm#query=biking&amp;position=2&amp;from_view=search&amp;track=sph\" rel=\"noopener\">Ciclista maschio in bicicletta in montagna<\/a><\/p><\/div>\n<\/div><\/div><\/div>\n<\/details>\n\n<p><strong><em>Informazioni sulla risoluzione delle controversie online ai sensi dell&#8217;art. 14, comma. 1 del Regolamento (UE) n. 524\/2013 sulla risoluzione delle controversie online dei consumatori (Regolamento ODR):<\/em><\/strong> <em>La Commissione europea ha messo a disposizione una piattaforma internet per la risoluzione online delle controversie (&#8220;piattaforma ODR&#8221;). La piattaforma ODR pu\u00f2 fungere da punto di contatto per la risoluzione extragiudiziale delle controversie derivanti da contratti di vendita o di servizio online. La piattaforma ODR \u00e8 accessibile all&#8217;indirizzo <a href=\"https:\/\/ec.europa.eu\/consumers\/odr\" target=\"_blank\" rel=\"noreferrer noopener\">ec.europa.eu\/consumers\/odr<\/a>.<\/em><\/p>\n\n<p><br\/><a href=\"https:\/\/meinebleibe.it\/it\/privacy\/\">Alle disposizioni sulla protezione dei dati  &gt;<\/a><\/p>\n","protected":false},"excerpt":{"rendered":"<p>Responsabile dei contenuti Il mio posto dove stare &#8211; Appartamenti di Magdalena Lemayr Andreas-Hofer-Stra\u00dfe 9 39057 Eppan an der Weinstra\u00dfe N. Str.: LMYMDL88D63A952S N. IVA: 03121740215 Tel.: 0039 331 173 8854 info@meinebleibe.it CIN: IT021004B4NO8M86PK REA no. segue PEC: magdalena.lemayr@legalmail.it Esclusione di responsabilit\u00e0 &#8220;Il mio posto dove stare&#8221; Appartements der Magdalena Lemayr non si assume alcuna [&hellip;]<\/p>\n","protected":false},"author":1,"featured_media":0,"parent":0,"menu_order":0,"comment_status":"closed","ping_status":"closed","template":"","meta":{"footnotes":""},"class_list":["post-3394","page","type-page","status-publish","hentry"],"blocksy_meta":{"styles_descriptor":{"styles":{"desktop":"","tablet":"","mobile":""},"google_fonts":[],"version":6}},"featured_image_urls_v2":{"full":"","thumbnail":"","medium":"","medium_large":"","large":"","1536x1536":"","2048x2048":""},"post_excerpt_stackable_v2":"<p>Responsabile dei contenuti Il mio posto dove stare &#8211; Appartamenti di Magdalena Lemayr Andreas-Hofer-Stra\u00dfe 9 39057 Eppan an der Weinstra\u00dfe N. Str.: LMYMDL88D63A952S N. IVA: 03121740215 Tel.: 0039 331 173 8854 info@meinebleibe.it CIN: IT021004B4NO8M86PK REA no. segue PEC: magdalena.lemayr@legalmail.it Esclusione di responsabilit\u00e0 &#8220;Il mio posto dove stare&#8221; Appartements der Magdalena Lemayr non si assume alcuna responsabilit\u00e0 per l&#8217;attualit\u00e0, l&#8217;accuratezza, la completezza o la qualit\u00e0 delle informazioni fornite. Le richieste di responsabilit\u00e0 relative a danni materiali o immateriali causati dall&#8217;uso o dal mancato uso delle informazioni e dei servizi forniti o dall&#8217;uso di informazioni errate o incomplete sono fondamentalmente escluse, a&hellip;<\/p>\n","category_list_v2":"","author_info_v2":{"name":"Magdalena Lemayr","url":"https:\/\/meinebleibe.it\/it\/author\/magdalena-lemayr\/"},"comments_num_v2":"0 commenti","_links":{"self":[{"href":"https:\/\/meinebleibe.it\/it\/wp-json\/wp\/v2\/pages\/3394","targetHints":{"allow":["GET"]}}],"collection":[{"href":"https:\/\/meinebleibe.it\/it\/wp-json\/wp\/v2\/pages"}],"about":[{"href":"https:\/\/meinebleibe.it\/it\/wp-json\/wp\/v2\/types\/page"}],"author":[{"embeddable":true,"href":"https:\/\/meinebleibe.it\/it\/wp-json\/wp\/v2\/users\/1"}],"replies":[{"embeddable":true,"href":"https:\/\/meinebleibe.it\/it\/wp-json\/wp\/v2\/comments?post=3394"}],"version-history":[{"count":8,"href":"https:\/\/meinebleibe.it\/it\/wp-json\/wp\/v2\/pages\/3394\/revisions"}],"predecessor-version":[{"id":4098,"href":"https:\/\/meinebleibe.it\/it\/wp-json\/wp\/v2\/pages\/3394\/revisions\/4098"}],"wp:attachment":[{"href":"https:\/\/meinebleibe.it\/it\/wp-json\/wp\/v2\/media?parent=3394"}],"curies":[{"name":"wp","href":"https:\/\/api.w.org\/{rel}","templated":true}]}}