{"id":3404,"date":"2022-01-24T20:22:42","date_gmt":"2022-01-24T19:22:42","guid":{"rendered":"https:\/\/meinebleibe.it\/golf\/"},"modified":"2022-04-29T15:09:05","modified_gmt":"2022-04-29T13:09:05","slug":"golf","status":"publish","type":"page","link":"https:\/\/meinebleibe.it\/it\/appiano-e-dintorni\/golf\/","title":{"rendered":"Passione per il golf"},"content":{"rendered":"\n<figure class=\"wp-block-image alignfull size-large\"><img loading=\"lazy\" decoding=\"async\" width=\"1024\" height=\"350\" src=\"https:\/\/meinebleibe.it\/wp-content\/uploads\/Golfurlaub-in-Suedtirol-Golfen-in-Eppan-an-der-Weinstrasse-1024x350.webp\" alt=\"Appartamento Appiano, campo da golf di Appiano sulla strada del vino\" class=\"wp-image-2586\" srcset=\"https:\/\/meinebleibe.it\/wp-content\/uploads\/Golfurlaub-in-Suedtirol-Golfen-in-Eppan-an-der-Weinstrasse-1024x350.webp 1024w, https:\/\/meinebleibe.it\/wp-content\/uploads\/Golfurlaub-in-Suedtirol-Golfen-in-Eppan-an-der-Weinstrasse-300x102.webp 300w, https:\/\/meinebleibe.it\/wp-content\/uploads\/Golfurlaub-in-Suedtirol-Golfen-in-Eppan-an-der-Weinstrasse-150x51.webp 150w, https:\/\/meinebleibe.it\/wp-content\/uploads\/Golfurlaub-in-Suedtirol-Golfen-in-Eppan-an-der-Weinstrasse-768x262.webp 768w, https:\/\/meinebleibe.it\/wp-content\/uploads\/Golfurlaub-in-Suedtirol-Golfen-in-Eppan-an-der-Weinstrasse.webp 1500w\" sizes=\"auto, (max-width: 1024px) 100vw, 1024px\" \/><\/figure>\n\n<div class=\"wp-block-stackable-heading stk-block-heading stk-block stk-c2ac02e\" id=\"golfurlaub-in-eppan-an-der-weinstrasse\" data-block-id=\"c2ac02e\"><style>.stk-c2ac02e{margin-top:90px !important;margin-bottom:60px !important}<\/style><h2 class=\"stk-block-heading__text has-text-align-center\">Vacanza all&#8217;insegna del golf<\/h2><\/div>\n\n<div class=\"wp-block-stackable-columns stk-block-columns stk--hide-mobile stk-block stk-c6cef00\" data-block-id=\"c6cef00\"><div class=\"stk-row stk-inner-blocks stk-block-content stk-content-align stk-c6cef00-column\">\n<div class=\"wp-block-stackable-column stk-block-column stk-column stk-block stk-874e67e\" data-block-id=\"874e67e\"><div class=\"stk-column-wrapper stk-block-column__content stk-container stk-874e67e-container stk--no-background stk--no-padding\"><div class=\"stk-block-content stk-inner-blocks\">\n<figure class=\"wp-block-image size-large\"><img loading=\"lazy\" decoding=\"async\" width=\"1024\" height=\"764\" src=\"https:\/\/meinebleibe.it\/wp-content\/uploads\/Golfen-in-Eppan-an-der-Weinstrasse-Golfurlaub-Unterkunft-1024x764.webp\" alt=\"Golf ad Appiano sulla Strada del Vino, alloggi per vacanze golf\" class=\"wp-image-2650\" srcset=\"https:\/\/meinebleibe.it\/wp-content\/uploads\/Golfen-in-Eppan-an-der-Weinstrasse-Golfurlaub-Unterkunft-1024x764.webp 1024w, https:\/\/meinebleibe.it\/wp-content\/uploads\/Golfen-in-Eppan-an-der-Weinstrasse-Golfurlaub-Unterkunft-300x224.webp 300w, https:\/\/meinebleibe.it\/wp-content\/uploads\/Golfen-in-Eppan-an-der-Weinstrasse-Golfurlaub-Unterkunft-150x112.webp 150w, https:\/\/meinebleibe.it\/wp-content\/uploads\/Golfen-in-Eppan-an-der-Weinstrasse-Golfurlaub-Unterkunft-768x573.webp 768w, https:\/\/meinebleibe.it\/wp-content\/uploads\/Golfen-in-Eppan-an-der-Weinstrasse-Golfurlaub-Unterkunft.webp 1340w\" sizes=\"auto, (max-width: 1024px) 100vw, 1024px\" \/><\/figure>\n<\/div><\/div><\/div>\n\n\n\n<div class=\"wp-block-stackable-column stk-block-column stk-column stk-block stk-c96e0d9\" data-block-id=\"c96e0d9\"><style>.stk-c96e0d9 .stk-block-column__content{padding-top:30px !important;padding-right:30px !important;padding-bottom:30px !important;padding-left:30px !important}<\/style><div class=\"stk-column-wrapper stk-block-column__content stk-container stk-c96e0d9-container stk--no-background stk--no-padding\"><div class=\"stk-block-content stk-inner-blocks\">\n<div class=\"wp-block-stackable-text stk-block-text stk-block stk-d1b5f5e\" data-block-id=\"d1b5f5e\"><p class=\"stk-block-text__text\">I nostri <strong>appartamenti per vacanze ad Appiano sulla Strada del Vino<\/strong> sono ideali per la vostra <strong><a href=\"https:\/\/www.eppan.com\/de\/erlebnisse-aktivit%C3%A4ten\/biken-wandern-aktiv\/golfen\/golfpl%C3%A4tze\/52-0.html\" rel=\"noopener\">vacanza all&#8217;insegna del golf<\/a> in Alto Adige.<\/strong><br\/><br\/>Giocare a <strong>golf in Alto Adige<\/strong> \u00e8 sempre un&#8217;esperienza: migliorate il vostro handicap al &#8220;<strong>Golf Club Schloss Freudenstein&#8221;<\/strong> ad Appiano o frequentate un campo da golf presso il <strong>Golf Club &#8220;The Blue Monster&#8221;<\/strong> , inaugurato nel 2015 ad Appiano Unterrain.<br\/><br\/>Nell&#8217;ampio campo del <a href=\"https:\/\/www.golfandcountry.it\/trainingscenter-freudenstein-the-training-center\/\" rel=\"noopener\"><strong>&#8220;Golf Club Schloss Freudenstein&#8221;, <\/strong><\/a>il golf diventa uno spettacolo naturale. Qui vi aspettano 16 piazzole di partenza, 4 campi pratica e un\u2019area bunker con chipping station e putting green. <br\/><br\/>Meravigliosamente posizionato sulla collina e incorniciato dalle <strong>mura storiche del castello<\/strong>, il &#8220;Golf Club Schloss Freudenstein&#8221; offre una splendida vista sulle tenute dei dintorni, le magnifiche cime di Catinaccio e Sciliar e il capoluogo della provincia.<\/p><\/div>\n<\/div><\/div><\/div>\n<\/div><\/div>\n\n<div class=\"wp-block-stackable-columns stk-block-columns stk--hide-desktop stk--hide-tablet stk-block stk-76aef71\" data-block-id=\"76aef71\"><div class=\"stk-row stk-inner-blocks stk-block-content stk-content-align stk-76aef71-column\">\n<div class=\"wp-block-stackable-column stk-block-column stk-column stk-block stk-aaf4031\" data-block-id=\"aaf4031\"><style>.stk-aaf4031 .stk-block-column__content{padding-right:10px !important;padding-bottom:20px !important;padding-left:10px !important}<\/style><div class=\"stk-column-wrapper stk-block-column__content stk-container stk-aaf4031-container stk--no-background stk--no-padding\"><div class=\"stk-block-content stk-inner-blocks\">\n<div class=\"wp-block-stackable-text stk-block-text stk-block stk-25446d1\" data-block-id=\"25446d1\"><p class=\"stk-block-text__text\">I nostri <strong>appartamenti per vacanze ad Appiano sulla Strada del Vino<\/strong> sono ideali per la vostra <strong><a href=\"https:\/\/www.eppan.com\/de\/erlebnisse-aktivit%C3%A4ten\/biken-wandern-aktiv\/golfen\/golfpl%C3%A4tze\/52-0.html\" rel=\"noopener\">vacanza all&#8217;insegna del golf<\/a> in Alto Adige.<\/strong><br\/><br\/>Giocare a <strong>golf in Alto Adige<\/strong> \u00e8 sempre un&#8217;esperienza: migliorate il vostro handicap al &#8220;<strong>Golf Club Schloss Freudenstein&#8221;<\/strong> ad Appiano o frequentate un campo da golf presso il <strong>Golf Club &#8220;The Blue Monster&#8221;<\/strong> , inaugurato nel 2015 ad Appiano Unterrain.<br\/><br\/>Nell&#8217;ampio campo del <a href=\"https:\/\/www.golfandcountry.it\/trainingscenter-freudenstein-the-training-center\/\" rel=\"noopener\"><strong>&#8220;Golf Club Schloss Freudenstein&#8221;, <\/strong><\/a>il golf diventa uno spettacolo naturale. Qui vi aspettano 16 piazzole di partenza, 4 campi pratica e un\u2019area bunker con chipping station e putting green. <br\/><br\/>Meravigliosamente posizionato sulla collina e incorniciato dalle <strong>mura storiche del castello<\/strong>, il &#8220;Golf Club Schloss Freudenstein&#8221; offre una splendida vista sulle tenute dei dintorni, le magnifiche cime di Catinaccio e Sciliar e il capoluogo della provincia.<\/p><\/div>\n<\/div><\/div><\/div>\n\n\n\n<div class=\"wp-block-stackable-column stk-block-column stk-column stk-block stk-885614a\" data-block-id=\"885614a\"><div class=\"stk-column-wrapper stk-block-column__content stk-container stk-885614a-container stk--no-background stk--no-padding\"><div class=\"stk-block-content stk-inner-blocks\">\n<figure class=\"wp-block-image size-large\"><img loading=\"lazy\" decoding=\"async\" width=\"1024\" height=\"764\" src=\"https:\/\/meinebleibe.it\/wp-content\/uploads\/Golfen-in-Eppan-an-der-Weinstrasse-Golfurlaub-Unterkunft-1024x764.webp\" alt=\"Golf ad Appiano sulla Strada del Vino, alloggi per vacanze golf\" class=\"wp-image-2650\" srcset=\"https:\/\/meinebleibe.it\/wp-content\/uploads\/Golfen-in-Eppan-an-der-Weinstrasse-Golfurlaub-Unterkunft-1024x764.webp 1024w, https:\/\/meinebleibe.it\/wp-content\/uploads\/Golfen-in-Eppan-an-der-Weinstrasse-Golfurlaub-Unterkunft-300x224.webp 300w, https:\/\/meinebleibe.it\/wp-content\/uploads\/Golfen-in-Eppan-an-der-Weinstrasse-Golfurlaub-Unterkunft-150x112.webp 150w, https:\/\/meinebleibe.it\/wp-content\/uploads\/Golfen-in-Eppan-an-der-Weinstrasse-Golfurlaub-Unterkunft-768x573.webp 768w, https:\/\/meinebleibe.it\/wp-content\/uploads\/Golfen-in-Eppan-an-der-Weinstrasse-Golfurlaub-Unterkunft.webp 1340w\" sizes=\"auto, (max-width: 1024px) 100vw, 1024px\" \/><\/figure>\n<\/div><\/div><\/div>\n<\/div><\/div>\n\n<div class=\"wp-block-stackable-columns stk-block-columns stk-block stk-681b7a1\" data-block-id=\"681b7a1\"><div class=\"stk-row stk-inner-blocks stk-block-content stk-content-align stk-681b7a1-column\">\n<div class=\"wp-block-stackable-column stk-block-column stk-column stk-block stk-dfbffe3\" data-block-id=\"dfbffe3\"><style>.stk-dfbffe3 .stk-block-column__content{padding-top:0px !important;padding-right:30px !important;padding-bottom:30px !important;padding-left:30px !important}@media screen and (max-width:689px){.stk-dfbffe3 .stk-block-column__content{padding-top:20px !important;padding-right:10px !important;padding-bottom:20px !important;padding-left:10px !important}}<\/style><div class=\"stk-column-wrapper stk-block-column__content stk-container stk-dfbffe3-container stk--no-background stk--no-padding\"><div class=\"stk-block-content stk-inner-blocks\">\n<div class=\"wp-block-stackable-text stk-block-text stk-block stk-7f76e74\" data-block-id=\"7f76e74\"><p class=\"stk-block-text__text\">Potete anche allenare le vostre abilit\u00e0 al <strong><a href=\"https:\/\/www.1golf.eu\/club\/golf-club-eppan-the-blue-monster\/\" rel=\"noopener\">Golf Club Appiano<\/a> <a href=\"https:\/\/golfinsuedtirol.it\/de\/golfclubs\/gc-eppan\/\" rel=\"noopener\">&#8220;The Blue Monster&#8221;<\/a><\/strong>, uno dei campi da golf pi\u00f9 belli dell&#8217;Alto Adige. Il percorso a 9 buche \u00e8 chiamato cosi per la <strong>grande variet\u00e0 di ostacoli d&#8217;acqua<\/strong> che lo caratterizzano e per la sua vicinanza al Lago di Caldaro e ai Laghi di Monticolo, alcuni dei laghi pi\u00f9 famosi dell\u2019Alto Adige. L&#8217;elegante ristorante del golf club vizia gli ospiti con un\u2019ottima cucina e una strabiliante vista dalla terrazza sui frutteti e vigneti della zona.<br\/><br\/>L&#8217;architetto tedesco <strong>Thomas Himmel<\/strong>, che l&#8217;ha progettato, ha anche progettato il famoso campo da golf &#8220;Son Gual&#8221; a Maiorca. Questo rende il <strong>golf ad Appiano<\/strong> un&#8217;esperienza a s\u00e9 stante.<br\/><br\/>Altri <a href=\"https:\/\/www.eppan.com\/de\/erlebnisse-aktivit%C3%A4ten\/biken-wandern-aktiv\/golfen\/golfpl%C3%A4tze\/52-0.html\" rel=\"noopener\">golf club nelle vicinanze: <\/a> Il Golf Club Lana sotto le rovine del castello di Brandis a Lana (20 minuti), il Dolomiti Golf Club in Val di Non (30 minuti), il Golf Club Petersberg in Val d&#8217;Ega (40 minuti) o il Golf Club Carezza al Passo di Carezza (45 min.).<\/p><\/div>\n<\/div><\/div><\/div>\n\n\n\n<div class=\"wp-block-stackable-column stk-block-column stk-column stk-block stk-a8e3b25\" data-block-id=\"a8e3b25\"><div class=\"stk-column-wrapper stk-block-column__content stk-container stk-a8e3b25-container stk--no-background stk--no-padding\"><div class=\"stk-block-content stk-inner-blocks\">\n<figure class=\"wp-block-image size-large\"><img loading=\"lazy\" decoding=\"async\" width=\"1024\" height=\"764\" src=\"https:\/\/meinebleibe.it\/wp-content\/uploads\/Golfurlaub-Golfen-Suedtirol-Ferienwohnung-in-Eppan-1024x764.webp\" alt=\"Vacanza golf Golf Alto Adige, Appartamento ad Appiano\" class=\"wp-image-2652\" srcset=\"https:\/\/meinebleibe.it\/wp-content\/uploads\/Golfurlaub-Golfen-Suedtirol-Ferienwohnung-in-Eppan-1024x764.webp 1024w, https:\/\/meinebleibe.it\/wp-content\/uploads\/Golfurlaub-Golfen-Suedtirol-Ferienwohnung-in-Eppan-300x224.webp 300w, https:\/\/meinebleibe.it\/wp-content\/uploads\/Golfurlaub-Golfen-Suedtirol-Ferienwohnung-in-Eppan-150x112.webp 150w, https:\/\/meinebleibe.it\/wp-content\/uploads\/Golfurlaub-Golfen-Suedtirol-Ferienwohnung-in-Eppan-768x573.webp 768w, https:\/\/meinebleibe.it\/wp-content\/uploads\/Golfurlaub-Golfen-Suedtirol-Ferienwohnung-in-Eppan.webp 1340w\" sizes=\"auto, (max-width: 1024px) 100vw, 1024px\" \/><\/figure>\n<\/div><\/div><\/div>\n<\/div><\/div>\n","protected":false},"excerpt":{"rendered":"<p>Vacanza all&#8217;insegna del golf I nostri appartamenti per vacanze ad Appiano sulla Strada del Vino sono ideali per la vostra vacanza all&#8217;insegna del golf in Alto Adige. Giocare a golf in Alto Adige \u00e8 sempre un&#8217;esperienza: migliorate il vostro handicap al &#8220;Golf Club Schloss Freudenstein&#8221; ad Appiano o frequentate un campo da golf presso il [&hellip;]<\/p>\n","protected":false},"author":1,"featured_media":0,"parent":3413,"menu_order":0,"comment_status":"closed","ping_status":"closed","template":"","meta":{"footnotes":""},"class_list":["post-3404","page","type-page","status-publish","hentry"],"blocksy_meta":{"styles_descriptor":{"styles":{"desktop":"","tablet":"","mobile":""},"google_fonts":[],"version":6}},"featured_image_urls_v2":{"full":"","thumbnail":"","medium":"","medium_large":"","large":"","1536x1536":"","2048x2048":""},"post_excerpt_stackable_v2":"<p>Vacanza all&#8217;insegna del golf I nostri appartamenti per vacanze ad Appiano sulla Strada del Vino sono ideali per la vostra vacanza all&#8217;insegna del golf in Alto Adige.Giocare a golf in Alto Adige \u00e8 sempre un&#8217;esperienza: migliorate il vostro handicap al &#8220;Golf Club Schloss Freudenstein&#8221; ad Appiano o frequentate un campo da golf presso il Golf Club &#8220;The Blue Monster&#8221; , inaugurato nel 2015 ad Appiano Unterrain.Nell&#8217;ampio campo del &#8220;Golf Club Schloss Freudenstein&#8221;, il golf diventa uno spettacolo naturale. Qui vi aspettano 16 piazzole di partenza, 4 campi pratica e un\u2019area bunker con chipping station e putting green. Meravigliosamente posizionato sulla&hellip;<\/p>\n","category_list_v2":"","author_info_v2":{"name":"Magdalena Lemayr","url":"https:\/\/meinebleibe.it\/it\/author\/magdalena-lemayr\/"},"comments_num_v2":"0 commenti","_links":{"self":[{"href":"https:\/\/meinebleibe.it\/it\/wp-json\/wp\/v2\/pages\/3404","targetHints":{"allow":["GET"]}}],"collection":[{"href":"https:\/\/meinebleibe.it\/it\/wp-json\/wp\/v2\/pages"}],"about":[{"href":"https:\/\/meinebleibe.it\/it\/wp-json\/wp\/v2\/types\/page"}],"author":[{"embeddable":true,"href":"https:\/\/meinebleibe.it\/it\/wp-json\/wp\/v2\/users\/1"}],"replies":[{"embeddable":true,"href":"https:\/\/meinebleibe.it\/it\/wp-json\/wp\/v2\/comments?post=3404"}],"version-history":[{"count":4,"href":"https:\/\/meinebleibe.it\/it\/wp-json\/wp\/v2\/pages\/3404\/revisions"}],"predecessor-version":[{"id":3870,"href":"https:\/\/meinebleibe.it\/it\/wp-json\/wp\/v2\/pages\/3404\/revisions\/3870"}],"up":[{"embeddable":true,"href":"https:\/\/meinebleibe.it\/it\/wp-json\/wp\/v2\/pages\/3413"}],"wp:attachment":[{"href":"https:\/\/meinebleibe.it\/it\/wp-json\/wp\/v2\/media?parent=3404"}],"curies":[{"name":"wp","href":"https:\/\/api.w.org\/{rel}","templated":true}]}}