{"id":3409,"date":"2021-04-12T11:34:10","date_gmt":"2021-04-12T09:34:10","guid":{"rendered":"https:\/\/meinebleibe.it\/nuotare\/"},"modified":"2022-04-02T17:58:44","modified_gmt":"2022-04-02T15:58:44","slug":"nuotare","status":"publish","type":"page","link":"https:\/\/meinebleibe.it\/it\/appiano-e-dintorni\/nuotare\/","title":{"rendered":"Nuotare"},"content":{"rendered":"\n<figure class=\"wp-block-image alignfull size-large\"><img loading=\"lazy\" decoding=\"async\" width=\"1024\" height=\"350\" src=\"https:\/\/meinebleibe.it\/wp-content\/uploads\/Schwimmen-in-Eppan-Unterkunft-in-Eppan-im-Sommer-1024x350.webp\" alt=\"Vacanze ad Appiano in Alto Adige\" class=\"wp-image-2626\" srcset=\"https:\/\/meinebleibe.it\/wp-content\/uploads\/Schwimmen-in-Eppan-Unterkunft-in-Eppan-im-Sommer-1024x350.webp 1024w, https:\/\/meinebleibe.it\/wp-content\/uploads\/Schwimmen-in-Eppan-Unterkunft-in-Eppan-im-Sommer-300x102.webp 300w, https:\/\/meinebleibe.it\/wp-content\/uploads\/Schwimmen-in-Eppan-Unterkunft-in-Eppan-im-Sommer-150x51.webp 150w, https:\/\/meinebleibe.it\/wp-content\/uploads\/Schwimmen-in-Eppan-Unterkunft-in-Eppan-im-Sommer-768x262.webp 768w, https:\/\/meinebleibe.it\/wp-content\/uploads\/Schwimmen-in-Eppan-Unterkunft-in-Eppan-im-Sommer.webp 1500w\" sizes=\"auto, (max-width: 1024px) 100vw, 1024px\" \/><\/figure>\n\n<div class=\"wp-block-stackable-heading stk-block-heading stk-block stk-9b46dbe\" id=\"schwimmen-und-erholung\" data-block-id=\"9b46dbe\"><style>.stk-9b46dbe{margin-top:90px !important;margin-bottom:60px !important}<\/style><h2 class=\"stk-block-heading__text has-text-align-center\">Rinfrescarsi e divertirsi<\/h2><\/div>\n\n<div class=\"wp-block-stackable-columns stk-block-columns stk-block stk-d2d55fa\" data-block-id=\"d2d55fa\"><div class=\"stk-row stk-inner-blocks stk-block-content stk-content-align stk-d2d55fa-column\">\n<div class=\"wp-block-stackable-column stk-block-column stk-column stk-block stk-667f6f7\" data-block-id=\"667f6f7\"><div class=\"stk-column-wrapper stk-block-column__content stk-container stk-667f6f7-container stk--no-background stk--no-padding\"><div class=\"stk-block-content stk-inner-blocks\">\n<div class=\"wp-block-stackable-text stk-block-text stk-block stk-1992d38\" data-block-id=\"1992d38\"><p class=\"stk-block-text__text\">Sedetevi. Rilassatevi. Ricaricate energia. Godetevi la vista panoramica. Lasciatevi sorprendere. I nostri appartamenti &#8220;Meine Bleibe&#8221; vi aspettano.<br\/><br\/><strong><a href=\"https:\/\/meinebleibe.it\/it\/appiano-e-dintorni\/\" data-type=\"page\" data-id=\"1197\">Appiano<\/a><\/strong> \u00e8 un piccolo paradiso circondato da vigneti e laghi. Il clima mite \u00e8 ideale per escursionisti, ciclisti e vacanzieri attivi, ma anche per chi cerca pace e tranquillit\u00e0. Ad Appiano potete nuotare, giocare a <a href=\"https:\/\/meinebleibe.it\/it\/appiano-e-dintorni\/golf\/\" data-type=\"page\" data-id=\"1205\">golf<\/a> e trascorrere giornate rilassanti ai Laghi di Monticolo o al Lago di Caldaro. <\/p><\/div>\n<\/div><\/div><\/div>\n\n\n\n<div class=\"wp-block-stackable-column stk-block-column stk-column stk-block stk-ca57c76\" data-block-id=\"ca57c76\"><div class=\"stk-column-wrapper stk-block-column__content stk-container stk-ca57c76-container stk--no-background stk--no-padding\"><div class=\"stk-block-content stk-inner-blocks\">\n<div class=\"wp-block-stackable-text stk-block-text stk-block stk-3eb3662\" data-block-id=\"3eb3662\"><p class=\"stk-block-text__text\">Il <strong>piccolo e il grande lago di Monticolo<\/strong> sono molto frequentati dalla primavera fino al tardo autunno. Qui potete rilassarvi e prendere il sole, o rinfrescarvi e nuotare in estate. Il Lido al Lago Grande di Monticolo offre ai suoi ospiti uno scivolo spettacolare per i pi\u00f9 avventurosi, il pi\u00f9 lungo scivolo d&#8217;acqua dell&#8217;Alto Adige. <br\/><br\/><strong>Il Lago di Caldaro<\/strong> \u00e8 raggiungibile in circa 10 minuti di auto ed \u00e8 il lago balneabile pi\u00f9 caldo delle Alpi. Questo lo rende particolarmente apprezzato dai bagnanti. <\/p><\/div>\n<\/div><\/div><\/div>\n<\/div><\/div>\n\n<div class=\"wp-block-stackable-spacer stk-block-spacer stk--hide-mobile stk--no-padding stk-block stk-a694407\" data-block-id=\"a694407\"><style>.stk-a694407{height:50px !important}<\/style><\/div>\n\n<div class=\"wp-block-ugb-video-popup ugb-video-popup ugb-35e5585 ugb-video-popup--v3 ugb-main-block ugb--hide-mobile\"><style>.ugb-35e5585 .ugb-video-popup__wrapper{border-radius:0px;background-color:var(--theme-palette-color-3,#3f4245);background-image:url(https:\/\/meinebleibe.it\/wp-content\/uploads\/Sommerferien-in-Eppan-an-der-Weinstrasse-am-Montiggler-See-schwimmen-scaled.webp);background-position:bottom left;background-repeat:no-repeat}.ugb-35e5585 .ugb-video-popup__play-button svg{height:60px;width:60px}.ugb-35e5585 .ugb-video-popup__wrapper:before{background-color:var(--theme-palette-color-3,#3f4245);opacity:0}.ugb-35e5585 .ugb-video-popup__wrapper:hover:before{opacity:0.3}@media screen and (min-width:768px){.ugb-35e5585.ugb-video-popup{margin-bottom:0px !important}}<\/style><div class=\"ugb-inner-block\"><div class=\"ugb-block-content\"><div class=\"ugb-video-popup__wrapper ugb--shadow-0 ugb--has-background-overlay\" data-video=\"https:\/\/meinebleibe.it\/wp-content\/uploads\/FILM_Montiggl_1.mov\"><button class=\"ugb-video-popup__overlay\" aria-label=\"Play\"><span class=\"ugb-video-popup__play-button\"><svg xmlns=\"http:\/\/www.w3.org\/2000\/svg\" viewbox=\"0 0 34 34\" class=\"ugb-play-button-outline\" width=\"50\" height=\"50\"><path d=\"M17 34C7.6 34 0 26.4 0 17S7.6 0 17 0s17 7.6 17 17-7.6 17-17 17zm0-32C8.7 2 2 8.7 2 17s6.7 15 15 15 15-6.7 15-15S25.3 2 17 2z\"><\/path><path d=\"M12 25.7V8.3L27 17l-15 8.7zm2-14v10.5l9-5.3-9-5.2z\"><\/path><\/svg><\/span><\/button><\/div><\/div><\/div><\/div>\n\n<div class=\"wp-block-stackable-spacer stk-block-spacer stk--hide-mobile stk--no-padding stk-block stk-1568f96\" data-block-id=\"1568f96\"><style>.stk-1568f96{height:110px !important}<\/style><\/div>\n\n<div class=\"wp-block-stackable-columns stk-block-columns stk--hide-mobile stk-block stk-d8642ce\" data-block-id=\"d8642ce\"><style>.stk-d8642ce{margin-bottom:30px !important}<\/style><div class=\"stk-row stk-inner-blocks stk-block-content stk-content-align stk-d8642ce-column\">\n<div class=\"wp-block-stackable-column stk-block-column stk-column stk-block stk-a8e09c6\" data-block-id=\"a8e09c6\"><style>.stk-a8e09c6 .stk-block-column__content{padding-top:0px !important;padding-right:30px !important;padding-bottom:30px !important;padding-left:30px !important}<\/style><div class=\"stk-column-wrapper stk-block-column__content stk-container stk-a8e09c6-container stk--no-background stk--no-padding\"><div class=\"stk-block-content stk-inner-blocks\">\n<div class=\"wp-block-stackable-heading stk-block-heading stk-block stk-eb7e6ce\" id=\"die-montiggler-seen\" data-block-id=\"eb7e6ce\"><style>@media screen and (max-width:689px){.stk-eb7e6ce .stk-block-heading__text{font-size:30px !important}}<\/style><h2 class=\"stk-block-heading__text\">I laghi di Monticolo<\/h2><\/div>\n\n\n\n<div class=\"wp-block-stackable-text stk-block-text stk-block stk-b6340f2\" data-block-id=\"b6340f2\"><p class=\"stk-block-text__text\">Il lago grande di Monticolo \u00e8 un posto meraviglioso per staccare la spina e rilassarsi. \u00c8 uno dei <strong>laghi naturali balneabili pi\u00f9 apprezzati dell&#8217;Alto Adige<\/strong> e si trova direttamente nel bosco di Monticolo, che \u00e9 molto apprezzato dai biker. <br\/><br\/>Il lago \u00e8 facilmente raggiungibile sia in auto che a piedi attraverso vari <strong><a href=\"https:\/\/meinebleibe.it\/it\/appiano-e-dintorni\/escursioni-nelloberetsch\/\" data-type=\"page\" data-id=\"1201\">sentieri escursionistici.<\/a><\/strong> In estate \u00e8 raggiungibile anche con un <strong>bus navetta.<\/strong><br\/><br\/>Sul lato ovest potete trovare alcuni caff\u00e8 e ristoranti. Se non avete il coraggio di entrare nel lago, qui troverete anche una <strong><a href=\"https:\/\/www.eppan.com\/de\/erlebnisse-aktivit%C3%A4ten\/badeanstalt-lido-am-gro%C3%9Fen-montiggler-see\/10-1983.html\" rel=\"noopener\">piscina riscaldata.<\/a><\/strong> I pi\u00f9 avventurosi possono provare lo <strong>scivolo d&#8217;acqua pi\u00f9 lungo dell&#8217;Alto Adige.<\/strong> <\/p><\/div>\n<\/div><\/div><\/div>\n\n\n\n<div class=\"wp-block-stackable-column stk-block-column stk-column stk-block stk-82f8571\" data-block-id=\"82f8571\"><div class=\"stk-column-wrapper stk-block-column__content stk-container stk-82f8571-container stk--no-background stk--no-padding\"><div class=\"stk-block-content stk-inner-blocks\">\n<figure class=\"wp-block-image size-large\"><img loading=\"lazy\" decoding=\"async\" width=\"1024\" height=\"764\" src=\"https:\/\/meinebleibe.it\/wp-content\/uploads\/Urlaub-am-Montiggler-See-in-Suedtirol-1024x764.webp\" alt=\"Vacanze al lago di caldaro in Alto Adige\" class=\"wp-image-2391\" srcset=\"https:\/\/meinebleibe.it\/wp-content\/uploads\/Urlaub-am-Montiggler-See-in-Suedtirol-1024x764.webp 1024w, https:\/\/meinebleibe.it\/wp-content\/uploads\/Urlaub-am-Montiggler-See-in-Suedtirol-300x224.webp 300w, https:\/\/meinebleibe.it\/wp-content\/uploads\/Urlaub-am-Montiggler-See-in-Suedtirol-150x112.webp 150w, https:\/\/meinebleibe.it\/wp-content\/uploads\/Urlaub-am-Montiggler-See-in-Suedtirol-768x573.webp 768w, https:\/\/meinebleibe.it\/wp-content\/uploads\/Urlaub-am-Montiggler-See-in-Suedtirol.webp 1340w\" sizes=\"auto, (max-width: 1024px) 100vw, 1024px\" \/><\/figure>\n<\/div><\/div><\/div>\n<\/div><\/div>\n\n<div class=\"wp-block-stackable-columns stk-block-columns stk--hide-desktop stk--hide-tablet stk-block stk-a07a839\" data-block-id=\"a07a839\"><style>.stk-a07a839{margin-bottom:30px !important}<\/style><div class=\"stk-row stk-inner-blocks stk-block-content stk-content-align stk-a07a839-column\">\n<div class=\"wp-block-stackable-column stk-block-column stk-column stk-block stk-a5b7495\" data-block-id=\"a5b7495\"><div class=\"stk-column-wrapper stk-block-column__content stk-container stk-a5b7495-container stk--no-background stk--no-padding\"><div class=\"stk-block-content stk-inner-blocks\">\n<figure class=\"wp-block-image size-large\"><img loading=\"lazy\" decoding=\"async\" width=\"1024\" height=\"764\" src=\"https:\/\/meinebleibe.it\/wp-content\/uploads\/Urlaub-am-Montiggler-See-in-Suedtirol-1024x764.webp\" alt=\"Vacanze al lago di caldaro in Alto Adige\" class=\"wp-image-2391\" srcset=\"https:\/\/meinebleibe.it\/wp-content\/uploads\/Urlaub-am-Montiggler-See-in-Suedtirol-1024x764.webp 1024w, https:\/\/meinebleibe.it\/wp-content\/uploads\/Urlaub-am-Montiggler-See-in-Suedtirol-300x224.webp 300w, https:\/\/meinebleibe.it\/wp-content\/uploads\/Urlaub-am-Montiggler-See-in-Suedtirol-150x112.webp 150w, https:\/\/meinebleibe.it\/wp-content\/uploads\/Urlaub-am-Montiggler-See-in-Suedtirol-768x573.webp 768w, https:\/\/meinebleibe.it\/wp-content\/uploads\/Urlaub-am-Montiggler-See-in-Suedtirol.webp 1340w\" sizes=\"auto, (max-width: 1024px) 100vw, 1024px\" \/><\/figure>\n<\/div><\/div><\/div>\n\n\n\n<div class=\"wp-block-stackable-column stk-block-column stk-column stk-block stk-0a8e2e7\" data-block-id=\"0a8e2e7\"><style>.stk-0a8e2e7 .stk-block-column__content{padding-top:30px !important;padding-right:10px !important;padding-bottom:20px !important;padding-left:10px !important}<\/style><div class=\"stk-column-wrapper stk-block-column__content stk-container stk-0a8e2e7-container stk--no-background stk--no-padding\"><div class=\"stk-block-content stk-inner-blocks\">\n<div class=\"wp-block-stackable-heading stk-block-heading stk-block stk-e8b65a4\" id=\"die-montiggler-seen\" data-block-id=\"e8b65a4\"><style>@media screen and (max-width:689px){.stk-e8b65a4 .stk-block-heading__text{font-size:30px !important}}<\/style><h2 class=\"stk-block-heading__text\">I laghi di Monticolo<\/h2><\/div>\n\n\n\n<div class=\"wp-block-stackable-text stk-block-text stk-block stk-f2b8759\" data-block-id=\"f2b8759\"><p class=\"stk-block-text__text\">Il lago grande di Monticolo \u00e8 un posto meraviglioso per staccare la spina e rilassarsi. \u00c8 uno dei <strong>laghi balneabili pi\u00f9 apprezzati dell&#8217;Alto Adige<\/strong> e si trova direttamente nel bosco di Monticolo, che \u00e9 molto apprezzato dai biker. <br\/><br\/>Il lago \u00e8 facilmente raggiungibile sia in auto che a piedi attraverso vari <strong><a href=\"https:\/\/meinebleibe.it\/it\/appiano-e-dintorni\/escursioni-nelloberetsch\/\" data-type=\"page\" data-id=\"1201\">sentieri escursionistici.<\/a><\/strong> In estate \u00e8 raggiungibile anche con un <strong>bus navetta<\/strong>.<br\/><br\/>Sul lato ovest potete trovare alcuni caff\u00e8 e ristoranti. Se non avete il coraggio di entrare nel lago, qui troverete anche una <strong><a href=\"https:\/\/www.eppan.com\/de\/erlebnisse-aktivit%C3%A4ten\/badeanstalt-lido-am-gro%C3%9Fen-montiggler-see\/10-1983.html\" rel=\"noopener\">piscina riscaldata.<\/a><\/strong> I pi\u00f9 avventurosi possono provare lo <strong>scivolo d&#8217;acqua pi\u00f9 lungo dell&#8217;Alto Adige.<\/strong> <\/p><\/div>\n<\/div><\/div><\/div>\n<\/div><\/div>\n\n<div class=\"wp-block-stackable-columns stk-block-columns stk-block stk-e839213\" data-block-id=\"e839213\"><style>.stk-e839213{margin-bottom:30px !important}<\/style><div class=\"stk-row stk-inner-blocks stk-block-content stk-content-align stk-e839213-column\">\n<div class=\"wp-block-stackable-column stk-block-column stk-column stk-block stk-6332fc0\" data-block-id=\"6332fc0\"><div class=\"stk-column-wrapper stk-block-column__content stk-container stk-6332fc0-container stk--no-background stk--no-padding\"><div class=\"stk-block-content stk-inner-blocks\">\n<figure class=\"wp-block-image size-large\"><img loading=\"lazy\" decoding=\"async\" width=\"1024\" height=\"759\" src=\"https:\/\/meinebleibe.it\/wp-content\/uploads\/Urlaub-am-Montiggler-See-Kaltern-Ferienwohnung-1024x759.webp\" alt=\"Vacanze al Lago di Monticolo, Appartamento per vacanze Caldaro\" class=\"wp-image-2773\" srcset=\"https:\/\/meinebleibe.it\/wp-content\/uploads\/Urlaub-am-Montiggler-See-Kaltern-Ferienwohnung-1024x759.webp 1024w, https:\/\/meinebleibe.it\/wp-content\/uploads\/Urlaub-am-Montiggler-See-Kaltern-Ferienwohnung-300x222.webp 300w, https:\/\/meinebleibe.it\/wp-content\/uploads\/Urlaub-am-Montiggler-See-Kaltern-Ferienwohnung-150x111.webp 150w, https:\/\/meinebleibe.it\/wp-content\/uploads\/Urlaub-am-Montiggler-See-Kaltern-Ferienwohnung-768x569.webp 768w, https:\/\/meinebleibe.it\/wp-content\/uploads\/Urlaub-am-Montiggler-See-Kaltern-Ferienwohnung.webp 1340w\" sizes=\"auto, (max-width: 1024px) 100vw, 1024px\" \/><\/figure>\n<\/div><\/div><\/div>\n\n\n\n<div class=\"wp-block-stackable-column stk-block-column stk-column stk-block stk-bc1bffe\" data-block-id=\"bc1bffe\"><style>.stk-bc1bffe .stk-block-column__content{padding-top:30px !important;padding-right:30px !important;padding-bottom:30px !important;padding-left:30px !important}@media screen and (max-width:689px){.stk-bc1bffe .stk-block-column__content{padding-top:30px !important;padding-right:10px !important;padding-bottom:20px !important;padding-left:10px !important}}<\/style><div class=\"stk-column-wrapper stk-block-column__content stk-container stk-bc1bffe-container stk--no-background stk--no-padding\"><div class=\"stk-block-content stk-inner-blocks\">\n<div class=\"wp-block-stackable-text stk-block-text stk-block stk-742634c\" data-block-id=\"742634c\"><p class=\"stk-block-text__text\">La tranquillit\u00e0 delle acque del lago e una piccola <strong>barca a remi<\/strong> tutta per voi: ecco gli ingredienti per un pomeriggio indimenticabile. <br\/><br\/>Oltre al <strong>noleggio di barche a remi<\/strong>, presso il lago grande di Monticolo troverete anche un <strong>noleggio di stand up paddle.<\/strong> <\/p><\/div>\n\n\n\n<div class=\"wp-block-stackable-heading stk-block-heading stk-block stk-a7f9f75\" id=\"der-kalterer-see\" data-block-id=\"a7f9f75\"><h3 class=\"stk-block-heading__text\">Il Lago di Caldaro<\/h3><\/div>\n\n\n\n<div class=\"wp-block-stackable-text stk-block-text stk-block stk-db4da71\" data-block-id=\"db4da71\"><p class=\"stk-block-text__text\"><strong><a href=\"https:\/\/de.wikipedia.org\/wiki\/Kalterer_See\" rel=\"noopener\">Il lago di Caldaro<\/a><\/strong> \u00e8 uno dei bacini pi\u00f9 grandi dell&#8217;Alto Adige ed \u00e8 un paradiso per i suoi ospiti. Con una temperatura dell&#8217;acqua fino a 28 \u00b0C. il lago di Caldaro \u00e9 il lago balneabile pi\u00f9 caldo delle <a href=\"https:\/\/de.wikipedia.org\/wiki\/Alpen\" rel=\"noopener\">Alpi.<\/a> <\/p><\/div>\n\n\n\n<div class=\"wp-block-stackable-text stk-block-text stk-block stk-d123d97\" data-block-id=\"d123d97\"><p class=\"stk-block-text__text\">Il lago grande di Monticolo dista solo circa 6 km (in linea d\u2019aria) da quello di Caldaro. Potete raggiungere il lago di Caldaro dal nostro appartamento per vacanze ad Appiano <strong>in soli 15 minuti di auto.<\/strong><\/p><\/div>\n<\/div><\/div><\/div>\n<\/div><\/div>\n\n<div class=\"wp-block-stackable-columns stk-block-columns stk--hide-desktop stk--hide-tablet stk-block stk-f556d0b\" data-block-id=\"f556d0b\"><style>.stk-f556d0b{margin-bottom:30px !important}<\/style><div class=\"stk-row stk-inner-blocks stk-block-content stk-content-align stk-f556d0b-column\">\n<div class=\"wp-block-stackable-column stk-block-column stk-column stk-block stk-cba3ad8\" data-block-id=\"cba3ad8\"><div class=\"stk-column-wrapper stk-block-column__content stk-container stk-cba3ad8-container stk--no-background stk--no-padding\"><div class=\"stk-block-content stk-inner-blocks\">\n<figure class=\"wp-block-image size-large\"><img loading=\"lazy\" decoding=\"async\" width=\"1024\" height=\"764\" src=\"https:\/\/meinebleibe.it\/wp-content\/uploads\/Mountainbike-Urlaub-in-Eppan-an-der-Weinstrasse-1024x764.webp\" alt=\"Vacanza con la bici a Appiano sulla strada del vino\" class=\"wp-image-2506\" srcset=\"https:\/\/meinebleibe.it\/wp-content\/uploads\/Mountainbike-Urlaub-in-Eppan-an-der-Weinstrasse-1024x764.webp 1024w, https:\/\/meinebleibe.it\/wp-content\/uploads\/Mountainbike-Urlaub-in-Eppan-an-der-Weinstrasse-300x224.webp 300w, https:\/\/meinebleibe.it\/wp-content\/uploads\/Mountainbike-Urlaub-in-Eppan-an-der-Weinstrasse-150x112.webp 150w, https:\/\/meinebleibe.it\/wp-content\/uploads\/Mountainbike-Urlaub-in-Eppan-an-der-Weinstrasse-768x573.webp 768w, https:\/\/meinebleibe.it\/wp-content\/uploads\/Mountainbike-Urlaub-in-Eppan-an-der-Weinstrasse.webp 1340w\" sizes=\"auto, (max-width: 1024px) 100vw, 1024px\" \/><\/figure>\n<\/div><\/div><\/div>\n\n\n\n<div class=\"wp-block-stackable-column stk-block-column stk-column stk-block stk-79a816d\" data-block-id=\"79a816d\"><style>.stk-79a816d .stk-block-column__content{padding-top:30px !important;padding-right:10px !important;padding-bottom:20px !important;padding-left:10px !important}<\/style><div class=\"stk-column-wrapper stk-block-column__content stk-container stk-79a816d-container stk--no-background stk--no-padding\"><div class=\"stk-block-content stk-inner-blocks\">\n<div class=\"wp-block-stackable-text stk-block-text stk-block stk-895c203\" data-block-id=\"895c203\"><p class=\"stk-block-text__text\">Il <strong>Lago di Caldaro<\/strong> \u00e8 un magico polo di attrazione per residenti e vacanzieri: prendete i vostri bastoncini <a href=\"https:\/\/meinebleibe.it\/it\/appiano-e-dintorni\/\" data-type=\"page\" data-id=\"1197\">da nordic walking<\/a> e camminate comodamente intorno al <a href=\"https:\/\/www.kaltern.com\/de\/tours\/kalterer-see-rundwanderung.html\" rel=\"noopener\">lago:<\/a> la passeggiate dura circa 2 ore.<br\/><br\/>Dopo la passeggiata vi potete rilassare al lago oppure provare una delle <strong>numerose attivit\u00e0 sportive<\/strong> possibili intorno al Lago di Caldaro: nuotare, andare a vela, fare windsurf, stand up paddling e tanto altro. <br\/><br\/>Con la bella stagione cresce anche la <strong>voglia di concedersi un aperitivo fresco<\/strong> e dissetante come il &#8220;Hugo&#8221;, che \u00e9 stato inventato a Naturno qui in Alto Adige. <br\/><br\/>Non potete trascorrere le vostre <strong>ferie in Alto Adige<\/strong> senza assaggiarlo! Questi sono i momenti speciali delle vostre ferie tra sapori e relax. <strong>Ricaricatevi insieme a noi<\/strong> e create momenti indimenticabili in Alto Adige!<\/p><\/div>\n<\/div><\/div><\/div>\n<\/div><\/div>\n\n<div class=\"wp-block-stackable-columns stk-block-columns stk--hide-mobile stk-block stk-4beaa35\" data-block-id=\"4beaa35\"><style>.stk-4beaa35{margin-bottom:50px !important}<\/style><div class=\"stk-row stk-inner-blocks stk-block-content stk-content-align stk-4beaa35-column\">\n<div class=\"wp-block-stackable-column stk-block-column stk-column stk-block stk-96bd3f2\" data-block-id=\"96bd3f2\"><style>.stk-96bd3f2 .stk-block-column__content{padding-top:0px !important;padding-right:30px !important;padding-bottom:30px !important;padding-left:30px !important}<\/style><div class=\"stk-column-wrapper stk-block-column__content stk-container stk-96bd3f2-container stk--no-background stk--no-padding\"><div class=\"stk-block-content stk-inner-blocks\">\n<div class=\"wp-block-stackable-text stk-block-text stk-block stk-8d17d3c\" data-block-id=\"8d17d3c\"><p class=\"stk-block-text__text\">Il <strong>Lago di Caldaro<\/strong> \u00e8 un magico polo di attrazione per residenti e vacanzieri: prendete i vostri bastoncini <a href=\"https:\/\/meinebleibe.it\/it\/appiano-e-dintorni\/\" data-type=\"page\" data-id=\"1197\">da nordic walking<\/a> e camminate comodamente intorno al <a href=\"https:\/\/www.kaltern.com\/de\/tours\/kalterer-see-rundwanderung.html\" rel=\"noopener\">lago:<\/a> la passeggiate dura circa 2 ore.<br\/><br\/>Dopo la passeggiata vi potete rilassare al lago oppure provare una delle <strong>numerose attivit\u00e0 sportive<\/strong> possibili intorno al Lago di Caldaro: nuotare, andare a vela, fare windsurf, stand up paddling e tanto altro. <br\/><br\/>Con la bella stagione cresce anche la <strong>voglia di concedersi un aperitivo fresco<\/strong> e dissetante come il &#8220;Hugo&#8221;, che \u00e9 stato inventato a Naturno qui in Alto Adige. <br\/><br\/>Non potete trascorrere le vostre <strong>ferie in Alto Adige<\/strong> senza assaggiarlo! Questi sono i momenti speciali delle vostre ferie tra sapori e relax. <strong>Ricaricatevi insieme a noi<\/strong> e create momenti indimenticabili in Alto Adige!<\/p><\/div>\n<\/div><\/div><\/div>\n\n\n\n<div class=\"wp-block-stackable-column stk-block-column stk-column stk-block stk-d7758ce\" data-block-id=\"d7758ce\"><div class=\"stk-column-wrapper stk-block-column__content stk-container stk-d7758ce-container stk--no-background stk--no-padding\"><div class=\"stk-block-content stk-inner-blocks\">\n<figure class=\"wp-block-image size-large\"><img loading=\"lazy\" decoding=\"async\" width=\"1024\" height=\"764\" src=\"https:\/\/meinebleibe.it\/wp-content\/uploads\/Mountainbike-Urlaub-in-Eppan-an-der-Weinstrasse-1024x764.webp\" alt=\"Vacanza con la bici a Appiano sulla strada del vino\" class=\"wp-image-2506\" srcset=\"https:\/\/meinebleibe.it\/wp-content\/uploads\/Mountainbike-Urlaub-in-Eppan-an-der-Weinstrasse-1024x764.webp 1024w, https:\/\/meinebleibe.it\/wp-content\/uploads\/Mountainbike-Urlaub-in-Eppan-an-der-Weinstrasse-300x224.webp 300w, https:\/\/meinebleibe.it\/wp-content\/uploads\/Mountainbike-Urlaub-in-Eppan-an-der-Weinstrasse-150x112.webp 150w, https:\/\/meinebleibe.it\/wp-content\/uploads\/Mountainbike-Urlaub-in-Eppan-an-der-Weinstrasse-768x573.webp 768w, https:\/\/meinebleibe.it\/wp-content\/uploads\/Mountainbike-Urlaub-in-Eppan-an-der-Weinstrasse.webp 1340w\" sizes=\"auto, (max-width: 1024px) 100vw, 1024px\" \/><\/figure>\n<\/div><\/div><\/div>\n<\/div><\/div>\n","protected":false},"excerpt":{"rendered":"<p>Rinfrescarsi e divertirsi Sedetevi. Rilassatevi. Ricaricate energia. Godetevi la vista panoramica. Lasciatevi sorprendere. I nostri appartamenti &#8220;Meine Bleibe&#8221; vi aspettano. Appiano \u00e8 un piccolo paradiso circondato da vigneti e laghi. Il clima mite \u00e8 ideale per escursionisti, ciclisti e vacanzieri attivi, ma anche per chi cerca pace e tranquillit\u00e0. Ad Appiano potete nuotare, giocare a [&hellip;]<\/p>\n","protected":false},"author":1,"featured_media":0,"parent":3413,"menu_order":0,"comment_status":"closed","ping_status":"closed","template":"","meta":{"footnotes":""},"class_list":["post-3409","page","type-page","status-publish","hentry"],"blocksy_meta":{"styles_descriptor":{"styles":{"desktop":"","tablet":"","mobile":""},"google_fonts":[],"version":6}},"featured_image_urls_v2":{"full":"","thumbnail":"","medium":"","medium_large":"","large":"","1536x1536":"","2048x2048":""},"post_excerpt_stackable_v2":"<p>Rinfrescarsi e divertirsi Sedetevi. Rilassatevi. Ricaricate energia. Godetevi la vista panoramica. Lasciatevi sorprendere. I nostri appartamenti &#8220;Meine Bleibe&#8221; vi aspettano.Appiano \u00e8 un piccolo paradiso circondato da vigneti e laghi. Il clima mite \u00e8 ideale per escursionisti, ciclisti e vacanzieri attivi, ma anche per chi cerca pace e tranquillit\u00e0. Ad Appiano potete nuotare, giocare a golf e trascorrere giornate rilassanti ai Laghi di Monticolo o al Lago di Caldaro. Il piccolo e il grande lago di Monticolo sono molto frequentati dalla primavera fino al tardo autunno. Qui potete rilassarvi e prendere il sole, o rinfrescarvi e nuotare in estate. Il Lido&hellip;<\/p>\n","category_list_v2":"","author_info_v2":{"name":"Magdalena Lemayr","url":"https:\/\/meinebleibe.it\/it\/author\/magdalena-lemayr\/"},"comments_num_v2":"0 commenti","_links":{"self":[{"href":"https:\/\/meinebleibe.it\/it\/wp-json\/wp\/v2\/pages\/3409","targetHints":{"allow":["GET"]}}],"collection":[{"href":"https:\/\/meinebleibe.it\/it\/wp-json\/wp\/v2\/pages"}],"about":[{"href":"https:\/\/meinebleibe.it\/it\/wp-json\/wp\/v2\/types\/page"}],"author":[{"embeddable":true,"href":"https:\/\/meinebleibe.it\/it\/wp-json\/wp\/v2\/users\/1"}],"replies":[{"embeddable":true,"href":"https:\/\/meinebleibe.it\/it\/wp-json\/wp\/v2\/comments?post=3409"}],"version-history":[{"count":2,"href":"https:\/\/meinebleibe.it\/it\/wp-json\/wp\/v2\/pages\/3409\/revisions"}],"predecessor-version":[{"id":3850,"href":"https:\/\/meinebleibe.it\/it\/wp-json\/wp\/v2\/pages\/3409\/revisions\/3850"}],"up":[{"embeddable":true,"href":"https:\/\/meinebleibe.it\/it\/wp-json\/wp\/v2\/pages\/3413"}],"wp:attachment":[{"href":"https:\/\/meinebleibe.it\/it\/wp-json\/wp\/v2\/media?parent=3409"}],"curies":[{"name":"wp","href":"https:\/\/api.w.org\/{rel}","templated":true}]}}